{"id":87138,"date":"2024-09-17T12:40:56","date_gmt":"2024-09-17T10:40:56","guid":{"rendered":"https:\/\/www.gallehr.de\/gallehrpartner-act-commodities-veranstaltungsreihe-industrieumfeld\/"},"modified":"2024-09-19T16:41:16","modified_gmt":"2024-09-19T14:41:16","slug":"gallehrpartner-act-commodities-veranstaltungsreihe-industrieumfeld","status":"publish","type":"page","link":"https:\/\/www.gallehr.de\/en\/gallehrpartner-act-commodities-veranstaltungsreihe-industrieumfeld\/","title":{"rendered":"GALLEHR+PARTNER\u00ae\/ACT Commodities &#8211; Veranstaltungsreihe \u201ePolitik- und Marktumfeld der energieintensiven Industrie&#8221;"},"content":{"rendered":"<div class=\"wpb-content-wrapper\"><p>[vc_row unlock_row_content=&#8221;yes&#8221; row_height_percent=&#8221;0&#8243; override_padding=&#8221;yes&#8221; h_padding=&#8221;2&#8243; top_padding=&#8221;3&#8243; bottom_padding=&#8221;3&#8243; back_color=&#8221;color-202836&#8243; overlay_alpha=&#8221;50&#8243; gutter_size=&#8221;4&#8243; column_width_use_pixel=&#8221;yes&#8221; shift_y=&#8221;0&#8243; z_index=&#8221;0&#8243; column_width_pixel=&#8221;1600&#8243; uncode_shortcode_id=&#8221;188462&#8243; back_color_type=&#8221;uncode-palette&#8221;][vc_column column_width_percent=&#8221;100&#8243; position_vertical=&#8221;middle&#8221; gutter_size=&#8221;3&#8243; overlay_alpha=&#8221;50&#8243; shift_x=&#8221;0&#8243; shift_y=&#8221;0&#8243; shift_y_down=&#8221;0&#8243; z_index=&#8221;0&#8243; medium_width=&#8221;0&#8243; mobile_width=&#8221;0&#8243; css_animation=&#8221;left-t-right&#8221; animation_delay=&#8221;200&#8243; width=&#8221;2\/3&#8243;][vc_custom_heading heading_semantic=&#8221;h3&#8243; text_size=&#8221;h1&#8243; uncode_shortcode_id=&#8221;535926&#8243;]<\/p>\n<h1><span style=\"font-size: 24pt;\"><strong><span style=\"color: #b01419;\">Online-Veranstaltungsreihe:<\/span><\/strong><\/span><span style=\"font-size: 24pt; color: #5d646b;\"><strong> \u201ePolitik- und Marktumfeld der energieintensiven Industrie\u201c<\/strong><\/span><\/h1>\n<p><span style=\"font-size: 18pt;\"><strong>Einblicke in aktuelle Entwicklungen in M\u00e4rkten, F\u00f6rderprogrammen und der Regulatorik.<\/strong><br \/>\n<strong>In Zusammenarbeit von <span style=\"color: #b11116;\">GALLEHR+PARTNER<sup>\u00ae<\/sup><\/span> und <span style=\"color: #b11116;\">ACT Commodities<\/span><\/strong><\/span><\/p>\n<hr \/>\n<p>[\/vc_custom_heading][vc_column_text uncode_shortcode_id=&#8221;175854&#8243;]<\/p>\n<p style=\"text-align: justify;\"><span style=\"font-size: 12pt;\">Auftakt einer Veranstaltungsreihe, bei denen unser Netzwerkpartner <a href=\"https:\/\/www.actcommodities.com\/\" target=\"_blank\" rel=\"noopener\">ACT Commodities<\/a> und wir von <a href=\"https:\/\/www.gallehr.de\/de\/\" target=\"_blank\" rel=\"noopener\">GALLEHR+PARTNER<sup>\u00ae<\/sup><\/a> regelm\u00e4\u00dfig \u00fcber die neuesten relevanten Entwicklungen in M\u00e4rkten, F\u00f6rderprogrammen und der Regulatorik aufkl\u00e4ren m\u00f6chten. Zudem wird es bei jeder Veranstaltung Fokusthemen geben, zu denen wir auch externe Expertinnen und Experten einladen werden.<\/span><\/p>\n<p style=\"text-align: justify;\"><span style=\"font-size: 12pt;\"> Im ersten Webinar lautet das Fokusthema <strong>\u201ePlattform f\u00fcr <\/strong><strong>Abw\u00e4rme<\/strong><strong>\u201c<\/strong>. F\u00fcr Unternehmen mit einem bestimmten Endenergieverbrauch ergeben sich gesetzliche Pflichten zur Quantifizierung des eigenen Abw\u00e4rmepotantials, die zu Anfang des n\u00e4chsten Jahres quantifiziert und gemeldet werden m\u00fcssen.<br \/>\n<\/span><\/p>\n<p>[\/vc_column_text][vc_empty_space empty_h=&#8221;2&#8243;][vc_button button_color=&#8221;color-184891&#8243; outline=&#8221;yes&#8221; border_width=&#8221;0&#8243; display=&#8221;inline&#8221; inline_mobile=&#8221;yes&#8221; lbox_dir=&#8221;vertical&#8221; link=&#8221;url:https%3A%2F%2Fwww.gallehr.de%2Fde%2Fgallehrpartner-act-commodities-veranstaltungsreihe-industrieumfeld%2F%23Anmeldung|target:_blank&#8221; button_color_type=&#8221;uncode-palette&#8221; uncode_shortcode_id=&#8221;170355&#8243;]Anmeldung[\/vc_button][vc_button button_color=&#8221;color-184891&#8243; outline=&#8221;yes&#8221; border_width=&#8221;0&#8243; display=&#8221;inline&#8221; lbox_dir=&#8221;vertical&#8221; link=&#8221;url:https%3A%2F%2Fwww.gallehr.de%2Fde%2Fgallehrpartner-act-commodities-veranstaltungsreihe-industrieumfeld%2F%23Agenda&#8221; button_color_type=&#8221;uncode-palette&#8221; uncode_shortcode_id=&#8221;166038&#8243;]Agenda[\/vc_button][\/vc_column][vc_column width=&#8221;1\/3&#8243;][vc_single_image media=&#8221;84299&#8243; media_width_percent=&#8221;80&#8243; alignment=&#8221;right&#8221; css_animation=&#8221;right-t-left&#8221; animation_delay=&#8221;200&#8243; uncode_shortcode_id=&#8221;501577&#8243;][\/vc_column][\/vc_row][vc_row unlock_row_content=&#8221;yes&#8221; row_height_percent=&#8221;0&#8243; override_padding=&#8221;yes&#8221; h_padding=&#8221;2&#8243; top_padding=&#8221;3&#8243; bottom_padding=&#8221;3&#8243; back_color=&#8221;color-xsdn&#8221; overlay_alpha=&#8221;50&#8243; gutter_size=&#8221;4&#8243; column_width_use_pixel=&#8221;yes&#8221; shift_y=&#8221;0&#8243; z_index=&#8221;0&#8243; inverted_device_order=&#8221;yes&#8221; column_width_pixel=&#8221;1600&#8243;][vc_column width=&#8221;1\/3&#8243;][vc_single_image media=&#8221;84309&#8243; media_width_percent=&#8221;54&#8243; css_animation=&#8221;left-t-right&#8221; animation_delay=&#8221;200&#8243; uncode_shortcode_id=&#8221;257284&#8243;][\/vc_column][vc_column width=&#8221;2\/3&#8243;][vc_column_text uncode_shortcode_id=&#8221;140389&#8243;]<\/p>\n<h1 style=\"text-align: justify;\"><span style=\"font-size: 24pt;\"><strong><span style=\"color: #b01419;\"><a id=\"Anmeldung\"><\/a>Veranstaltungszeit<\/span><\/strong><\/span><\/h1>\n<p style=\"text-align: justify;\"><span style=\"font-size: 14pt;\">Dienstag, 08.10.2024 \/ 10:45 Uhr bis 11:45 Uhr<\/span><\/p>\n<hr \/>\n<h3><strong>Jetzt hier anmelden:<\/strong><\/h3>\n<p>&nbsp;<\/p>\n<p><p class=\"wpcf7-contact-form-not-found\"><strong>Error:<\/strong> Contact form not found.<\/p>[\/vc_column_text][\/vc_column][\/vc_row][vc_row unlock_row_content=&#8221;yes&#8221; row_height_percent=&#8221;0&#8243; override_padding=&#8221;yes&#8221; h_padding=&#8221;2&#8243; top_padding=&#8221;3&#8243; bottom_padding=&#8221;3&#8243; back_color=&#8221;color-202836&#8243; overlay_alpha=&#8221;50&#8243; gutter_size=&#8221;4&#8243; column_width_use_pixel=&#8221;yes&#8221; shift_y=&#8221;0&#8243; z_index=&#8221;0&#8243; column_width_pixel=&#8221;1600&#8243;][vc_column column_width_percent=&#8221;100&#8243; position_vertical=&#8221;middle&#8221; gutter_size=&#8221;3&#8243; overlay_alpha=&#8221;50&#8243; shift_x=&#8221;0&#8243; shift_y=&#8221;0&#8243; shift_y_down=&#8221;0&#8243; z_index=&#8221;0&#8243; medium_width=&#8221;0&#8243; mobile_width=&#8221;0&#8243; css_animation=&#8221;left-t-right&#8221; animation_delay=&#8221;200&#8243; width=&#8221;1\/2&#8243;][vc_custom_heading heading_semantic=&#8221;h3&#8243; text_size=&#8221;h3&#8243; uncode_shortcode_id=&#8221;401021&#8243;]<span style=\"font-size: 14pt;\">Haben Sie sich auch schon eine der folgenden Fragen gestellt? <span style=\"color: #b01419;\">Unsere Online-Webinarreihe kann Ihnen f\u00fcr einen \u00dcberblickgewinn helfen.<\/span><\/span>[\/vc_custom_heading][vc_column_text uncode_shortcode_id=&#8221;135386&#8243;]<\/p>\n<ul>\n<li><span style=\"font-size: 12pt;\">\u201eWelche regulatorischen Anforderungen kommen jetzt auf unser Unternehmen zu? Wie gehen wir damit am Besten um? Sind das nur l\u00e4stige b\u00fcrokratische Pflichten oder liegen darin auch Chancen f\u00fcr uns? Welche?\u201c<\/span><\/li>\n<li><span style=\"font-size: 12pt;\">\u201eViele unserer B2B-Kunden treiben ihre Transformation mit voller Kraft voran. Verlieren wir jetzt den Anschluss? Werden wir von Wettbewerbern oder Newcomern verdr\u00e4ngt? Wie sichern oder st\u00e4rken wir unsere Position?\u201c<\/span><\/li>\n<li><span style=\"font-size: 12pt;\">\u201eUnsere Kapitalgeber achten immer mehr auf Nachhaltigkeit. Was bedeutet das f\u00fcr unseren finanziellen Spielraum?\u201c<\/span><\/li>\n<li><span style=\"font-size: 12pt;\">\u201eWie gehen andere Unternehmen mit diesen Herausforderungen um? Wie verringern sie Risiken oder nutzen Chancen? K\u00f6nnen wir uns hier etwas abschauen?\u201c<\/span><\/li>\n<\/ul>\n<p>[\/vc_column_text][\/vc_column][vc_column width=&#8221;1\/2&#8243;][vc_single_image media=&#8221;84530&#8243; media_width_percent=&#8221;55&#8243; alignment=&#8221;right&#8221; css_animation=&#8221;right-t-left&#8221; animation_delay=&#8221;200&#8243; uncode_shortcode_id=&#8221;296813&#8243;][\/vc_column][\/vc_row][vc_row unlock_row_content=&#8221;yes&#8221; row_height_percent=&#8221;0&#8243; override_padding=&#8221;yes&#8221; h_padding=&#8221;2&#8243; top_padding=&#8221;3&#8243; bottom_padding=&#8221;3&#8243; back_color=&#8221;color-xsdn&#8221; overlay_alpha=&#8221;50&#8243; gutter_size=&#8221;4&#8243; column_width_use_pixel=&#8221;yes&#8221; shift_y=&#8221;0&#8243; z_index=&#8221;0&#8243; column_width_pixel=&#8221;1600&#8243; uncode_shortcode_id=&#8221;189977&#8243; back_color_type=&#8221;uncode-palette&#8221;][vc_column width=&#8221;1\/4&#8243;][vc_single_image media=&#8221;84309&#8243; media_width_percent=&#8221;54&#8243; css_animation=&#8221;left-t-right&#8221; animation_delay=&#8221;200&#8243; uncode_shortcode_id=&#8221;257284&#8243;][\/vc_column][vc_column column_width_percent=&#8221;100&#8243; gutter_size=&#8221;3&#8243; overlay_alpha=&#8221;50&#8243; shift_x=&#8221;0&#8243; shift_y=&#8221;0&#8243; shift_y_down=&#8221;0&#8243; z_index=&#8221;0&#8243; medium_width=&#8221;0&#8243; mobile_width=&#8221;0&#8243; width=&#8221;3\/4&#8243; uncode_shortcode_id=&#8221;203435&#8243;][vc_column_text text_lead=&#8221;yes&#8221; css_animation=&#8221;top-t-bottom&#8221; uncode_shortcode_id=&#8221;467796&#8243;]<\/p>\n<h2><strong><a id=\"Agenda\"><\/a>Agenda Online-Webinar am 08.10.2024<\/strong><\/h2>\n<p>[\/vc_column_text][vc_column_text css_animation=&#8221;top-t-bottom&#8221; uncode_shortcode_id=&#8221;651628&#8243;]<\/p>\n<table style=\"width: 100%; height: 794px;\">\n<tbody>\n<tr style=\"height: 22px;\">\n<td style=\"width: 4.35274%; height: 22px;\"><span style=\"color: #b01419;\"><strong>Ab 10:45<\/strong><\/span><\/td>\n<td style=\"width: 95.1385%; height: 22px;\">Webinar Beginn<\/td>\n<\/tr>\n<tr style=\"height: 48px;\">\n<td style=\"width: 4.35274%; height: 48px;\"><span style=\"color: #b01419;\"><strong>10:45-10:55<\/strong><\/span><\/td>\n<td style=\"width: 95.1385%; height: 48px;\"><strong>Begr\u00fc\u00dfung und Vorstellung<\/strong><\/p>\n<p>Vorstellung ACT Commodities &#8211; Luc Helmsing<br \/>\nVorstellung GALLEHR+PARTNER<sup>\u00ae<\/sup> &#8211; Sebastian Gallehr<\/td>\n<\/tr>\n<tr style=\"height: 141px;\">\n<td style=\"width: 4.35274%; height: 141px;\"><span style=\"color: #b01419;\"><strong>10:55-11:05<\/strong><\/span><\/td>\n<td style=\"width: 95.1385%; height: 141px;\">\n<h4><strong>Neuigkeiten im politisch-regulatorischen Umfeld<br \/>\n<\/strong><span style=\"font-size: 10pt;\"><strong><span style=\"color: #b01419;\">GALLEHR+PARTNER<sup>\u00ae<\/sup><\/span><\/strong><\/span><\/h4>\n<\/td>\n<\/tr>\n<tr style=\"height: 139px;\">\n<td style=\"width: 4.35274%; height: 139px;\"><span style=\"color: #b01419;\"><strong>11:05-11:15<\/strong><\/span><\/td>\n<td style=\"width: 95.1385%; height: 139px;\">\n<h4><strong>Neuigkeiten im wirtschaftlichen- und Marktumfeld<br \/>\n<\/strong><span style=\"color: #b11116;\"><strong>ACT Commodities<\/strong><\/span><\/h4>\n<\/td>\n<\/tr>\n<tr style=\"height: 139px;\">\n<td style=\"width: 4.35274%; height: 139px;\"><span style=\"color: #b01419;\"><strong>11:15-11:35<\/strong><\/span><\/td>\n<td style=\"width: 95.1385%; height: 139px;\">\n<h4><strong>Abw\u00e4rmeplattform: Ziele, Pflichten, Chancen<br \/>\n<\/strong><span style=\"font-size: 10pt;\"><span style=\"color: #a40001;\"><strong>Tim Chmella, <\/strong><\/span>Pressesprecher Bundesstelle f\u00fcr Energieeffizienz (angefragt)<br \/>\n<\/span><\/h4>\n<\/td>\n<\/tr>\n<tr style=\"height: 22px;\">\n<td style=\"width: 4.35274%; height: 22px;\"><span style=\"color: #b01419;\"><strong>11:35-11:45<\/strong><\/span><\/td>\n<td style=\"width: 95.1385%; height: 22px;\">Gespr\u00e4chs- und Fragerunde<\/td>\n<\/tr>\n<\/tbody>\n<\/table>\n<p>[\/vc_column_text][\/vc_column][\/vc_row][vc_row unlock_row_content=&#8221;yes&#8221; row_height_percent=&#8221;0&#8243; override_padding=&#8221;yes&#8221; h_padding=&#8221;2&#8243; top_padding=&#8221;3&#8243; bottom_padding=&#8221;3&#8243; back_color=&#8221;color-202836&#8243; overlay_alpha=&#8221;50&#8243; gutter_size=&#8221;4&#8243; column_width_use_pixel=&#8221;yes&#8221; shift_y=&#8221;0&#8243; z_index=&#8221;0&#8243; column_width_pixel=&#8221;1600&#8243; uncode_shortcode_id=&#8221;553108&#8243; back_color_type=&#8221;uncode-palette&#8221;][vc_column column_width_percent=&#8221;100&#8243; align_horizontal=&#8221;align_center&#8221; gutter_size=&#8221;3&#8243; overlay_alpha=&#8221;50&#8243; shift_x=&#8221;0&#8243; shift_y=&#8221;0&#8243; shift_y_down=&#8221;0&#8243; z_index=&#8221;0&#8243; medium_width=&#8221;0&#8243; mobile_width=&#8221;0&#8243; width=&#8221;1\/1&#8243;][vc_column_text css_animation=&#8221;top-t-bottom&#8221; uncode_shortcode_id=&#8221;127318&#8243;]Weitere Informationen zu unserem Unternehmen erhalten Sie hier:[\/vc_column_text][vc_empty_space empty_h=&#8221;2&#8243;][vc_button button_color=&#8221;color-184891&#8243; outline=&#8221;yes&#8221; border_width=&#8221;0&#8243; display=&#8221;inline&#8221; css_animation=&#8221;bottom-t-top&#8221; animation_delay=&#8221;100&#8243; link=&#8221;url:https%3A%2F%2Fwww.gallehr.de%2Fde%2Fleistungen%2F|target:_blank&#8221; button_color_type=&#8221;uncode-palette&#8221; uncode_shortcode_id=&#8221;148578&#8243;]Leistungen[\/vc_button][vc_button button_color=&#8221;color-184891&#8243; outline=&#8221;yes&#8221; border_width=&#8221;0&#8243; display=&#8221;inline&#8221; css_animation=&#8221;bottom-t-top&#8221; animation_delay=&#8221;100&#8243; link=&#8221;url:https%3A%2F%2Fwww.gallehr.de%2Fde%2Freferenzen%2F|target:_blank&#8221; button_color_type=&#8221;uncode-palette&#8221; uncode_shortcode_id=&#8221;153141&#8243;]Referenzen[\/vc_button][vc_button button_color=&#8221;color-184891&#8243; outline=&#8221;yes&#8221; border_width=&#8221;0&#8243; display=&#8221;inline&#8221; lbox_dir=&#8221;vertical&#8221; link=&#8221;url:https%3A%2F%2Fwww.gallehr.de%2Fwordpress%2Fwp-content%2Fuploads%2F2023%2F08%2FGSR_Kurzvorstellung-2023-07.pdf|target:_blank&#8221; button_color_type=&#8221;uncode-palette&#8221; uncode_shortcode_id=&#8221;149192&#8243;]Kurzvorstellung[\/vc_button][vc_button button_color=&#8221;color-184891&#8243; outline=&#8221;yes&#8221; border_width=&#8221;0&#8243; display=&#8221;inline&#8221; css_animation=&#8221;bottom-t-top&#8221; animation_delay=&#8221;100&#8243; link=&#8221;url:https%3A%2F%2Fwww.gallehr.de%2Fnews%2F&#8221;]News &amp; Infos[\/vc_button][\/vc_column][\/vc_row]<\/p>\n<\/div>","protected":false},"excerpt":{"rendered":"<p>[vc_row unlock_row_content=&#8221;yes&#8221; row_height_percent=&#8221;0&#8243; override_padding=&#8221;yes&#8221; h_padding=&#8221;2&#8243; top_padding=&#8221;3&#8243; bottom_padding=&#8221;3&#8243; back_color=&#8221;color-202836&#8243; overlay_alpha=&#8221;50&#8243; gutter_size=&#8221;4&#8243; column_width_use_pixel=&#8221;yes&#8221; shift_y=&#8221;0&#8243; z_index=&#8221;0&#8243; column_width_pixel=&#8221;1600&#8243; uncode_shortcode_id=&#8221;188462&#8243; back_color_type=&#8221;uncode-palette&#8221;][vc_column column_width_percent=&#8221;100&#8243; position_vertical=&#8221;middle&#8221; gutter_size=&#8221;3&#8243; overlay_alpha=&#8221;50&#8243; [&hellip;]<\/p>\n","protected":false},"author":17,"featured_media":0,"parent":0,"menu_order":0,"comment_status":"closed","ping_status":"closed","template":"","meta":{"footnotes":""},"class_list":["post-87138","page","type-page","status-publish","hentry"],"_links":{"self":[{"href":"https:\/\/www.gallehr.de\/en\/wp-json\/wp\/v2\/pages\/87138","targetHints":{"allow":["GET"]}}],"collection":[{"href":"https:\/\/www.gallehr.de\/en\/wp-json\/wp\/v2\/pages"}],"about":[{"href":"https:\/\/www.gallehr.de\/en\/wp-json\/wp\/v2\/types\/page"}],"author":[{"embeddable":true,"href":"https:\/\/www.gallehr.de\/en\/wp-json\/wp\/v2\/users\/17"}],"replies":[{"embeddable":true,"href":"https:\/\/www.gallehr.de\/en\/wp-json\/wp\/v2\/comments?post=87138"}],"version-history":[{"count":0,"href":"https:\/\/www.gallehr.de\/en\/wp-json\/wp\/v2\/pages\/87138\/revisions"}],"wp:attachment":[{"href":"https:\/\/www.gallehr.de\/en\/wp-json\/wp\/v2\/media?parent=87138"}],"curies":[{"name":"wp","href":"https:\/\/api.w.org\/{rel}","templated":true}]}}