{"id":88697,"date":"2025-12-15T18:19:54","date_gmt":"2025-12-15T17:19:54","guid":{"rendered":"https:\/\/www.gallehr.de\/?page_id=88697"},"modified":"2026-01-14T16:39:57","modified_gmt":"2026-01-14T15:39:57","slug":"ulrich-fofe","status":"publish","type":"page","link":"https:\/\/www.gallehr.de\/de\/team-gallehrpartner\/ulrich-fofe\/","title":{"rendered":"Ulrich Fofe"},"content":{"rendered":"<div class=\"wpb-content-wrapper\"><p>[vc_row unlock_row_content=&#8220;yes&#8220; row_height_percent=&#8220;0&#8243; override_padding=&#8220;yes&#8220; h_padding=&#8220;2&#8243; top_padding=&#8220;3&#8243; bottom_padding=&#8220;3&#8243; back_color=&#8220;color-xsdn&#8220; overlay_alpha=&#8220;50&#8243; gutter_size=&#8220;4&#8243; column_width_use_pixel=&#8220;yes&#8220; shift_y=&#8220;0&#8243; z_index=&#8220;0&#8243; column_width_pixel=&#8220;1600&#8243;][vc_column column_width_percent=&#8220;100&#8243; position_horizontal=&#8220;right&#8220; gutter_size=&#8220;3&#8243; overlay_alpha=&#8220;50&#8243; shift_x=&#8220;0&#8243; shift_y=&#8220;0&#8243; shift_y_down=&#8220;0&#8243; z_index=&#8220;0&#8243; medium_width=&#8220;3&#8243; mobile_width=&#8220;0&#8243; css_animation=&#8220;left-t-right&#8220; animation_delay=&#8220;200&#8243; width=&#8220;1\/4&#8243;][vc_single_image media=&#8220;88723&#8243; media_width_percent=&#8220;100&#8243; media_ratio=&#8220;two-three&#8220; alignment=&#8220;right&#8220; uncode_shortcode_id=&#8220;212929&#8243;][\/vc_column][vc_column column_width_percent=&#8220;100&#8243; position_horizontal=&#8220;left&#8220; gutter_size=&#8220;3&#8243; overlay_alpha=&#8220;50&#8243; shift_x=&#8220;0&#8243; shift_y=&#8220;0&#8243; shift_y_down=&#8220;0&#8243; z_index=&#8220;0&#8243; medium_width=&#8220;5&#8243; mobile_width=&#8220;0&#8243; css_animation=&#8220;right-t-left&#8220; animation_delay=&#8220;200&#8243; width=&#8220;3\/4&#8243;][vc_custom_heading heading_semantic=&#8220;h3&#8243; text_size=&#8220;h1&#8243; uncode_shortcode_id=&#8220;111575&#8243;]Ulrich Fofe[\/vc_custom_heading][vc_custom_heading heading_semantic=&#8220;h5&#8243; text_size=&#8220;h5&#8243; subheading=&#8220;Tel.: +49 152 0770 7127<br \/>\nE-Mail: ulrich.fofe@gallehr.de&#8220; uncode_shortcode_id=&#8220;228230&#8243; text_color_type=&#8220;uncode-palette&#8220; text_color_solid=&#8220;#ff0000&#8243;]Kontaktdaten<\/p>\n<p>&nbsp;<\/p>\n<p>&nbsp;<\/p>\n<p>&nbsp;[\/vc_custom_heading][vc_separator sep_color=&#8220;color-gyho&#8220;][vc_custom_heading heading_semantic=&#8220;h5&#8243; text_size=&#8220;h5&#8243;]Information[\/vc_custom_heading][vc_row_inner][vc_column_inner width=&#8220;1\/2&#8243;][vc_column_text uncode_shortcode_id=&#8220;211533&#8243;]Ulrich Fofe verst\u00e4rkt seit Oktober 2025 das Team von GALLEHR+PARTNER<sup>\u00ae<\/sup> als als IT-Entwickler. Mit seinem Studium der Ingenieur Wissenschaften und Mechanik sowie seiner Erfahrung aus technisch-datengetriebenen Projekten bringt er ein solides Verst\u00e4ndnis f\u00fcr analytische Prozesse und smarte Automatisierung mit.<\/p>\n<p>&nbsp;<\/p>\n<p>&nbsp;<\/p>\n<p>&nbsp;[\/vc_column_text][\/vc_column_inner][vc_column_inner column_width_percent=&#8220;100&#8243; gutter_size=&#8220;3&#8243; overlay_alpha=&#8220;50&#8243; shift_x=&#8220;0&#8243; shift_y=&#8220;0&#8243; shift_y_down=&#8220;0&#8243; z_index=&#8220;0&#8243; medium_width=&#8220;0&#8243; mobile_width=&#8220;0&#8243; width=&#8220;1\/2&#8243; uncode_shortcode_id=&#8220;283337&#8243;][vc_column_text uncode_shortcode_id=&#8220;346575&#8243;]Bei GALLEHR+PARTNER<sup>\u00ae<\/sup> arbeitet er mit an der Weiterentwicklung digitaler Unternehmensl\u00f6sungen zur Erf\u00fcllung administrativer Verpflichtungen gegen\u00fcber Beh\u00f6rden (CBAM, EU-ETS) und&nbsp;entwickelt im Bereich des Enterprise-Resource-Planning Tools zur Datenintegration, &#8211; aggregation und -prognostik.<br \/>\n&nbsp;<\/p>\n<p>&nbsp;<\/p>\n<p>&nbsp;<\/p>\n<p>&nbsp;[\/vc_column_text][\/vc_column_inner][\/vc_row_inner][\/vc_column][\/vc_row]<\/p>\n<\/div>","protected":false},"excerpt":{"rendered":"<p>[vc_row unlock_row_content=&#8220;yes&#8220; row_height_percent=&#8220;0&#8243; override_padding=&#8220;yes&#8220; h_padding=&#8220;2&#8243; top_padding=&#8220;3&#8243; bottom_padding=&#8220;3&#8243; back_color=&#8220;color-xsdn&#8220; overlay_alpha=&#8220;50&#8243; gutter_size=&#8220;4&#8243; column_width_use_pixel=&#8220;yes&#8220; shift_y=&#8220;0&#8243; z_index=&#8220;0&#8243; column_width_pixel=&#8220;1600&#8243;][vc_column column_width_percent=&#8220;100&#8243; position_horizontal=&#8220;right&#8220; gutter_size=&#8220;3&#8243; overlay_alpha=&#8220;50&#8243; shift_x=&#8220;0&#8243; shift_y=&#8220;0&#8243; [&hellip;]<\/p>\n","protected":false},"author":22,"featured_media":0,"parent":84094,"menu_order":0,"comment_status":"closed","ping_status":"closed","template":"","meta":{"footnotes":""},"class_list":["post-88697","page","type-page","status-publish","hentry"],"_links":{"self":[{"href":"https:\/\/www.gallehr.de\/de\/wp-json\/wp\/v2\/pages\/88697","targetHints":{"allow":["GET"]}}],"collection":[{"href":"https:\/\/www.gallehr.de\/de\/wp-json\/wp\/v2\/pages"}],"about":[{"href":"https:\/\/www.gallehr.de\/de\/wp-json\/wp\/v2\/types\/page"}],"author":[{"embeddable":true,"href":"https:\/\/www.gallehr.de\/de\/wp-json\/wp\/v2\/users\/22"}],"replies":[{"embeddable":true,"href":"https:\/\/www.gallehr.de\/de\/wp-json\/wp\/v2\/comments?post=88697"}],"version-history":[{"count":0,"href":"https:\/\/www.gallehr.de\/de\/wp-json\/wp\/v2\/pages\/88697\/revisions"}],"up":[{"embeddable":true,"href":"https:\/\/www.gallehr.de\/de\/wp-json\/wp\/v2\/pages\/84094"}],"wp:attachment":[{"href":"https:\/\/www.gallehr.de\/de\/wp-json\/wp\/v2\/media?parent=88697"}],"curies":[{"name":"wp","href":"https:\/\/api.w.org\/{rel}","templated":true}]}}