{"id":88666,"date":"2025-12-11T18:34:23","date_gmt":"2025-12-11T17:34:23","guid":{"rendered":"https:\/\/www.gallehr.de\/?page_id=88666"},"modified":"2025-12-11T22:30:14","modified_gmt":"2025-12-11T21:30:14","slug":"anita-mestu","status":"publish","type":"page","link":"https:\/\/www.gallehr.de\/de\/team-gallehrpartner\/anita-mestu\/","title":{"rendered":"Anita Mestu"},"content":{"rendered":"<div class=\"wpb-content-wrapper\"><p>[vc_row unlock_row_content=&#8220;yes&#8220; row_height_percent=&#8220;0&#8243; override_padding=&#8220;yes&#8220; h_padding=&#8220;2&#8243; top_padding=&#8220;3&#8243; bottom_padding=&#8220;3&#8243; back_color=&#8220;color-xsdn&#8220; overlay_alpha=&#8220;50&#8243; gutter_size=&#8220;4&#8243; column_width_use_pixel=&#8220;yes&#8220; shift_y=&#8220;0&#8243; z_index=&#8220;0&#8243; column_width_pixel=&#8220;1600&#8243;][vc_column column_width_percent=&#8220;100&#8243; position_horizontal=&#8220;right&#8220; gutter_size=&#8220;3&#8243; overlay_alpha=&#8220;50&#8243; shift_x=&#8220;0&#8243; shift_y=&#8220;0&#8243; shift_y_down=&#8220;0&#8243; z_index=&#8220;0&#8243; medium_width=&#8220;3&#8243; mobile_width=&#8220;0&#8243; css_animation=&#8220;left-t-right&#8220; animation_delay=&#8220;200&#8243; width=&#8220;1\/4&#8243;][vc_single_image media=&#8220;88674&#8243; media_width_percent=&#8220;100&#8243; media_ratio=&#8220;two-three&#8220; alignment=&#8220;right&#8220; uncode_shortcode_id=&#8220;115743&#8243; media_link=&#8220;url:https%3A%2F%2Fwww.gallehr.de%2Fwordpress%2Fwp-content%2Fuploads%2F2025%2F12%2Fam_480x720.jpg|target:_blank&#8220;][\/vc_column][vc_column column_width_percent=&#8220;100&#8243; position_horizontal=&#8220;left&#8220; gutter_size=&#8220;3&#8243; overlay_alpha=&#8220;50&#8243; shift_x=&#8220;0&#8243; shift_y=&#8220;0&#8243; shift_y_down=&#8220;0&#8243; z_index=&#8220;0&#8243; medium_width=&#8220;5&#8243; mobile_width=&#8220;0&#8243; css_animation=&#8220;right-t-left&#8220; animation_delay=&#8220;200&#8243; width=&#8220;3\/4&#8243;][vc_custom_heading heading_semantic=&#8220;h3&#8243; text_size=&#8220;h1&#8243; uncode_shortcode_id=&#8220;162928&#8243; text_color_type=&#8220;uncode-palette&#8220; text_color_solid=&#8220;#ff0000&#8243; subheading=&#8220;B.Eng. (Umwelttechnik)<br \/>\nM.Eng. (Infrastruktur)&#8220;]Anita Mestu[\/vc_custom_heading][vc_custom_heading heading_semantic=&#8220;h5&#8243; text_size=&#8220;h5&#8243; subheading=&#8220;Tel.: +49 6039 92 63 686<br \/>\nE-Mail: anita.mestu@gallehr.de&#8220; uncode_shortcode_id=&#8220;159461&#8243; text_color_type=&#8220;uncode-palette&#8220; text_color_solid=&#8220;#ff0000&#8243;]Kontaktdaten[\/vc_custom_heading][vc_separator sep_color=&#8220;color-gyho&#8220;][vc_custom_heading heading_semantic=&#8220;h5&#8243; text_size=&#8220;h5&#8243;]Information[\/vc_custom_heading][vc_row_inner][vc_column_inner width=&#8220;1\/2&#8243;][vc_column_text uncode_shortcode_id=&#8220;171229&#8243;]<span style=\"font-size: 12pt;\">Anita Mestu ist Umweltingenieurin mit mehrj\u00e4hriger Berufserfahrung im Bereich Luftemissionen, die sie w\u00e4hrend ihrer T\u00e4tigkeit bei den technischen \u00dcberwachungsdienstleistern T\u00dcV Hessen und T\u00dcV S\u00dcD erworben hat. Sie hat Umwelttechnik studiert und ihr Studium mit einem Master in Infrastruktur abgeschlossen. Bestandteil ihrer praxisnahen Kenntnissen zur Analyse, Bewertung, Reduktion und Regulation von Emissionen ist der Umgang sowohl mit emissionsschutzbezogenen Anwendungen wie AUSTAL und WINSTACC als auch mit Geographic Information Systemen (GIS) und digitalen L\u00f6sungen f\u00fcr Building Information Modeling (BIM)<\/span>[\/vc_column_text][\/vc_column_inner][vc_column_inner column_width_percent=&#8220;100&#8243; gutter_size=&#8220;3&#8243; overlay_alpha=&#8220;50&#8243; shift_x=&#8220;0&#8243; shift_y=&#8220;0&#8243; shift_y_down=&#8220;0&#8243; z_index=&#8220;0&#8243; medium_width=&#8220;0&#8243; mobile_width=&#8220;0&#8243; width=&#8220;1\/2&#8243; uncode_shortcode_id=&#8220;283337&#8243;][vc_column_text uncode_shortcode_id=&#8220;103828&#8243;]Seit Oktober 2025 verst\u00e4rkt Anita Mestu das Team von GALLEHR+PARTNER\u00ae im Bereich Carbon Border Adjustment Mechanism (CBAM).[\/vc_column_text][\/vc_column_inner][\/vc_row_inner][\/vc_column][\/vc_row]<\/p>\n<\/div>","protected":false},"excerpt":{"rendered":"<p>[vc_row unlock_row_content=&#8220;yes&#8220; row_height_percent=&#8220;0&#8243; override_padding=&#8220;yes&#8220; h_padding=&#8220;2&#8243; top_padding=&#8220;3&#8243; bottom_padding=&#8220;3&#8243; back_color=&#8220;color-xsdn&#8220; overlay_alpha=&#8220;50&#8243; gutter_size=&#8220;4&#8243; column_width_use_pixel=&#8220;yes&#8220; shift_y=&#8220;0&#8243; z_index=&#8220;0&#8243; column_width_pixel=&#8220;1600&#8243;][vc_column column_width_percent=&#8220;100&#8243; position_horizontal=&#8220;right&#8220; gutter_size=&#8220;3&#8243; overlay_alpha=&#8220;50&#8243; shift_x=&#8220;0&#8243; shift_y=&#8220;0&#8243; [&hellip;]<\/p>\n","protected":false},"author":22,"featured_media":0,"parent":84094,"menu_order":0,"comment_status":"closed","ping_status":"closed","template":"","meta":{"footnotes":""},"class_list":["post-88666","page","type-page","status-publish","hentry"],"_links":{"self":[{"href":"https:\/\/www.gallehr.de\/de\/wp-json\/wp\/v2\/pages\/88666","targetHints":{"allow":["GET"]}}],"collection":[{"href":"https:\/\/www.gallehr.de\/de\/wp-json\/wp\/v2\/pages"}],"about":[{"href":"https:\/\/www.gallehr.de\/de\/wp-json\/wp\/v2\/types\/page"}],"author":[{"embeddable":true,"href":"https:\/\/www.gallehr.de\/de\/wp-json\/wp\/v2\/users\/22"}],"replies":[{"embeddable":true,"href":"https:\/\/www.gallehr.de\/de\/wp-json\/wp\/v2\/comments?post=88666"}],"version-history":[{"count":0,"href":"https:\/\/www.gallehr.de\/de\/wp-json\/wp\/v2\/pages\/88666\/revisions"}],"up":[{"embeddable":true,"href":"https:\/\/www.gallehr.de\/de\/wp-json\/wp\/v2\/pages\/84094"}],"wp:attachment":[{"href":"https:\/\/www.gallehr.de\/de\/wp-json\/wp\/v2\/media?parent=88666"}],"curies":[{"name":"wp","href":"https:\/\/api.w.org\/{rel}","templated":true}]}}