{"id":88300,"date":"2025-08-28T17:46:15","date_gmt":"2025-08-28T15:46:15","guid":{"rendered":"https:\/\/www.gallehr.de\/?page_id=88300"},"modified":"2026-02-23T19:28:35","modified_gmt":"2026-02-23T18:28:35","slug":"online-webinar-cbam-kosten-erkennen-risiken-absichern","status":"publish","type":"page","link":"https:\/\/www.gallehr.de\/de\/online-webinar-cbam-kosten-erkennen-risiken-absichern\/","title":{"rendered":"Online-Webinar \u201eCBAM \u2013 Kosten erkennen &#038; Risiken absichern&#8220;"},"content":{"rendered":"<div class=\"wpb-content-wrapper\"><p>[vc_row unlock_row_content=&#8220;yes&#8220; row_height_percent=&#8220;0&#8243; override_padding=&#8220;yes&#8220; h_padding=&#8220;2&#8243; top_padding=&#8220;3&#8243; bottom_padding=&#8220;3&#8243; back_color=&#8220;color-202836&#8243; overlay_alpha=&#8220;50&#8243; gutter_size=&#8220;4&#8243; column_width_use_pixel=&#8220;yes&#8220; shift_y=&#8220;0&#8243; z_index=&#8220;0&#8243; column_width_pixel=&#8220;1600&#8243; uncode_shortcode_id=&#8220;188462&#8243; back_color_type=&#8220;uncode-palette&#8220;][vc_column column_width_percent=&#8220;100&#8243; position_vertical=&#8220;middle&#8220; gutter_size=&#8220;3&#8243; overlay_alpha=&#8220;50&#8243; shift_x=&#8220;0&#8243; shift_y=&#8220;0&#8243; shift_y_down=&#8220;0&#8243; z_index=&#8220;0&#8243; medium_width=&#8220;0&#8243; mobile_width=&#8220;0&#8243; css_animation=&#8220;left-t-right&#8220; animation_delay=&#8220;200&#8243; width=&#8220;2\/3&#8243;][vc_custom_heading heading_semantic=&#8220;h3&#8243; text_size=&#8220;h1&#8243; uncode_shortcode_id=&#8220;201143&#8243;]<\/p>\n<h1><span style=\"font-size: 24pt;\"><strong><span style=\"color: #b01419;\">Online-Webinar:<\/span><\/strong><\/span><span style=\"font-size: 24pt; color: #5d646b;\"><strong> \u201eCBAM \u2013 Kosten erkennen &amp; Risiken absichern\u201c<\/strong><\/span><\/h1>\n<p><span style=\"font-size: 18pt;\"><strong>CBAM: Ab 2026 wird jeder Import kostenpflichtig!<\/strong><br \/>\n<strong>Ein Webinar von <span style=\"color: #b11116;\">GALLEHR+PARTNER<sup>\u00ae<\/sup><\/span><\/strong><\/span><\/p>\n<hr \/>\n<p>[\/vc_custom_heading][vc_column_text uncode_shortcode_id=&#8220;225600&#8243;]<\/p>\n<p style=\"text-align: justify;\"><span style=\"font-size: 12pt;\">In unserem kommenden Webinar wird das Thema Kosten durch Carbon Border Adjustment Mechanism (CBAM) thematisiert. Hintergrund ist, dass ab Januar 2026 der CBAM zum realen Kostenfaktor f\u00fcr Unternehmen wird, die CO\u2082-intensive Waren in die EU importieren.<\/span><\/p>\n<p style=\"text-align: justify;\"><span style=\"font-size: 12pt;\">Die zus\u00e4tzlichen Kosten, die den importierenden Unternehmen entstehen, h\u00e4ngen von dem schwankenden Handelspreis f\u00fcr CO\u2082-Emissionsberechtigungen (EUA) ab. Betroffene Importeure m\u00fcssen sich jetzt mit den finanziellen Auswirkungen (\u201efinancial exposure\u201c) durch CBAM auseinandersetzen.\u00a0<\/span><\/p>\n<p style=\"text-align: justify;\"><span style=\"font-size: 12pt;\">Das Webinar findet am <strong>11.09.2025<\/strong> statt.<\/span><\/p>\n<p>[\/vc_column_text][\/vc_column][vc_column width=&#8220;1\/3&#8243;][vc_single_image media=&#8220;84299&#8243; media_width_percent=&#8220;80&#8243; alignment=&#8220;right&#8220; css_animation=&#8220;right-t-left&#8220; animation_delay=&#8220;200&#8243; uncode_shortcode_id=&#8220;501577&#8243;][\/vc_column][\/vc_row][vc_row unlock_row_content=&#8220;yes&#8220; row_height_percent=&#8220;0&#8243; override_padding=&#8220;yes&#8220; h_padding=&#8220;2&#8243; top_padding=&#8220;3&#8243; bottom_padding=&#8220;3&#8243; back_color=&#8220;color-xsdn&#8220; overlay_alpha=&#8220;50&#8243; gutter_size=&#8220;4&#8243; column_width_use_pixel=&#8220;yes&#8220; shift_y=&#8220;0&#8243; z_index=&#8220;0&#8243; inverted_device_order=&#8220;yes&#8220; content_parallax=&#8220;0&#8243; column_width_pixel=&#8220;1600&#8243; uncode_shortcode_id=&#8220;167359&#8243; back_color_type=&#8220;uncode-palette&#8220;][vc_column width=&#8220;1\/3&#8243;][vc_single_image media=&#8220;84309&#8243; media_width_percent=&#8220;54&#8243; css_animation=&#8220;left-t-right&#8220; animation_delay=&#8220;200&#8243; uncode_shortcode_id=&#8220;257284&#8243;][\/vc_column][vc_column width=&#8220;2\/3&#8243;][vc_column_text uncode_shortcode_id=&#8220;187115&#8243;]<\/p>\n<h1 style=\"text-align: justify;\"><span style=\"font-size: 24pt;\"><strong><span style=\"color: #b01419;\"><a id=\"Anmeldung\"><\/a>Veranstaltungszeit<\/span><\/strong><\/span><\/h1>\n<p style=\"text-align: justify;\"><span style=\"font-size: 14pt;\">Donnerstag, 11.09.2025 \/ 14:30 Uhr bis 15:30 Uhr<\/span><\/p>\n<hr \/>\n<div id=\"ez-toc-container\" class=\"ez-toc-v2_0_82_2 ez-toc-wrap-left counter-flat ez-toc-counter ez-toc-transparent ez-toc-container-direction\">\n<div class=\"ez-toc-box-title\">Go to<\/div>\n<div class=\"ez-toc-title-container\">\n<span class=\"ez-toc-title-toggle\"><\/span><\/div>\n<nav><ul class='ez-toc-list ez-toc-list-level-1 ' ><li class='ez-toc-page-1'><a class=\"ez-toc-link ez-toc-heading-1\" href=\"https:\/\/www.gallehr.de\/de\/online-webinar-cbam-kosten-erkennen-risiken-absichern\/#Jetzt-hier-anmelden\" >Jetzt hier anmelden:<\/a><\/li><\/ul><\/nav><\/div>\n<h3><span class=\"ez-toc-section\" id=\"Jetzt-hier-anmelden\"><\/span><strong>Jetzt hier anmelden:<\/strong><span class=\"ez-toc-section-end\"><\/span><\/h3>\n<p class=\"wpcf7-contact-form-not-found\"><strong>Fehler:<\/strong> Kontaktformular wurde nicht gefunden.<\/p>\n<p>[\/vc_column_text][\/vc_column][\/vc_row][vc_row unlock_row_content=&#8220;yes&#8220; row_height_percent=&#8220;0&#8243; override_padding=&#8220;yes&#8220; h_padding=&#8220;2&#8243; top_padding=&#8220;3&#8243; bottom_padding=&#8220;3&#8243; back_color=&#8220;color-202836&#8243; overlay_alpha=&#8220;50&#8243; gutter_size=&#8220;4&#8243; column_width_use_pixel=&#8220;yes&#8220; shift_y=&#8220;0&#8243; z_index=&#8220;0&#8243; column_width_pixel=&#8220;1600&#8243;][vc_column column_width_percent=&#8220;100&#8243; position_vertical=&#8220;middle&#8220; gutter_size=&#8220;3&#8243; overlay_alpha=&#8220;50&#8243; shift_x=&#8220;0&#8243; shift_y=&#8220;0&#8243; shift_y_down=&#8220;0&#8243; z_index=&#8220;0&#8243; medium_width=&#8220;0&#8243; mobile_width=&#8220;0&#8243; css_animation=&#8220;left-t-right&#8220; animation_delay=&#8220;200&#8243; width=&#8220;1\/2&#8243;][vc_custom_heading heading_semantic=&#8220;h3&#8243; text_size=&#8220;h3&#8243; uncode_shortcode_id=&#8220;206827&#8243;]<span style=\"font-size: 14pt;\">Haben Sie sich auch schon eine der folgenden Fragen gestellt?<\/span><\/p>\n<p><span style=\"font-size: 14pt;\"><span style=\"color: #b01419;\">Unser Online-Webinar kann Ihnen f\u00fcr einen \u00dcberblickgewinn helfen.<\/span><\/span>[\/vc_custom_heading][vc_column_text uncode_shortcode_id=&#8220;932536&#8243;]<\/p>\n<ul>\n<li><span style=\"font-size: 12pt;\">\u201eWelche Kosten kommen auf uns zu und wie k\u00f6nnen wir diese absch\u00e4tzen?&#8220;<\/span><\/li>\n<li><span style=\"font-size: 12pt;\">\u201eWie werden sich die CO<sub>2<\/sub>-Kosten entwickeln?\u201c<\/span><\/li>\n<li><span style=\"font-size: 12pt;\">\u201eWann fallen die CBAM-Kosten erstmalig an und wann sind sie zahlungsf\u00e4llig?\u201c<\/span><\/li>\n<li><span style=\"font-size: 12pt;\">\u201eGibt es M\u00f6glichkeiten das finanzielle Risiko fr\u00fchzeitig zu verringern oder abzusichern?\u201c<\/span><\/li>\n<\/ul>\n<p>[\/vc_column_text][\/vc_column][vc_column width=&#8220;1\/2&#8243;][vc_single_image media=&#8220;84530&#8243; media_width_percent=&#8220;55&#8243; alignment=&#8220;right&#8220; css_animation=&#8220;right-t-left&#8220; animation_delay=&#8220;200&#8243; uncode_shortcode_id=&#8220;296813&#8243;][\/vc_column][\/vc_row][vc_row unlock_row_content=&#8220;yes&#8220; row_height_percent=&#8220;0&#8243; override_padding=&#8220;yes&#8220; h_padding=&#8220;2&#8243; top_padding=&#8220;3&#8243; bottom_padding=&#8220;3&#8243; back_color=&#8220;color-xsdn&#8220; overlay_alpha=&#8220;50&#8243; gutter_size=&#8220;4&#8243; column_width_use_pixel=&#8220;yes&#8220; shift_y=&#8220;0&#8243; z_index=&#8220;0&#8243; column_width_pixel=&#8220;1600&#8243; uncode_shortcode_id=&#8220;189977&#8243; back_color_type=&#8220;uncode-palette&#8220;][vc_column width=&#8220;1\/4&#8243;][vc_single_image media=&#8220;84309&#8243; media_width_percent=&#8220;54&#8243; css_animation=&#8220;left-t-right&#8220; animation_delay=&#8220;200&#8243; uncode_shortcode_id=&#8220;257284&#8243;][\/vc_column][vc_column column_width_percent=&#8220;100&#8243; gutter_size=&#8220;3&#8243; overlay_alpha=&#8220;50&#8243; shift_x=&#8220;0&#8243; shift_y=&#8220;0&#8243; shift_y_down=&#8220;0&#8243; z_index=&#8220;0&#8243; medium_width=&#8220;0&#8243; mobile_width=&#8220;0&#8243; width=&#8220;3\/4&#8243; uncode_shortcode_id=&#8220;203435&#8243;][vc_column_text text_lead=&#8220;yes&#8220; css_animation=&#8220;top-t-bottom&#8220; uncode_shortcode_id=&#8220;287212&#8243;]<\/p>\n<h2><strong><a id=\"Agenda\"><\/a>Agenda Online-Webinar am 11.09.2025<\/strong><\/h2>\n<p>[\/vc_column_text][vc_column_text css_animation=&#8220;top-t-bottom&#8220; uncode_shortcode_id=&#8220;191543&#8243;]<\/p>\n<table style=\"width: 100%; height: 348px;\">\n<tbody>\n<tr style=\"height: 22px;\">\n<td style=\"width: 4.35274%; height: 22px;\"><span style=\"color: #b01419;\"><strong>Ab 14:30<\/strong><\/span><\/td>\n<td style=\"width: 95.1385%; height: 22px;\"><strong><span style=\"font-size: 12pt;\">Webinar Beginn<\/span><\/strong><\/td>\n<\/tr>\n<tr style=\"height: 2px;\">\n<td style=\"width: 4.35274%; height: 138px;\"><span style=\"color: #b11116;\"><strong>14:30-14:35<\/strong><\/span><\/td>\n<td style=\"width: 95.1385%; height: 138px;\"><strong><span style=\"font-size: 12pt;\">Begr\u00fc\u00dfung und Vorstellung<\/span><br \/>\n<\/strong><span style=\"font-size: 10pt;\"><span style=\"color: #b11116;\"><strong>Sebastian Gallehr &#8211; GALLEHR+PARTNER<sup>\u00ae<\/sup><br \/>\n<\/strong><\/span><span style=\"color: #b11116;\"><strong>Niklas Schnieder &#8211; GALLEHR+PARTNER<sup>\u00ae<br \/>\n<\/sup>Regina Post &#8211; GALLEHR+PARTNER<sup>\u00ae<\/sup><\/strong><\/span><\/span><\/td>\n<\/tr>\n<tr style=\"height: 2px;\">\n<td style=\"width: 4.35274%; height: 141px;\"><span style=\"color: #b01419;\"><strong>14:35-15:15<\/strong><\/span><\/td>\n<td style=\"width: 95.1385%; height: 141px;\"><strong><span style=\"font-size: 12pt;\">CBAM Kosten erkennen und Risiken absichern<\/span><br \/>\n<\/strong><span style=\"font-size: 10pt;\"><strong><span style=\"color: #b01419;\">Niklas Schnieder &#8211; GALLEHR+PARTNER<sup>\u00ae<br \/>\n<\/sup>Regina Post &#8211; GALLEHR+PARTNER<sup>\u00ae<\/sup><\/span><\/strong><\/span><\/td>\n<\/tr>\n<tr style=\"height: 2px;\">\n<td style=\"width: 4.35274%; height: 47px;\"><span style=\"color: #b01419;\"><strong>15:20-15:30<\/strong><\/span><\/td>\n<td style=\"width: 95.1385%; height: 47px;\"><strong><span style=\"font-size: 12pt;\">Gespr\u00e4chs- und Fragerunde<\/span><\/strong><\/td>\n<\/tr>\n<\/tbody>\n<\/table>\n<p>[\/vc_column_text][\/vc_column][\/vc_row][vc_row unlock_row_content=&#8220;yes&#8220; row_height_percent=&#8220;0&#8243; override_padding=&#8220;yes&#8220; h_padding=&#8220;2&#8243; top_padding=&#8220;3&#8243; bottom_padding=&#8220;3&#8243; back_color=&#8220;color-202836&#8243; overlay_alpha=&#8220;50&#8243; gutter_size=&#8220;4&#8243; column_width_use_pixel=&#8220;yes&#8220; shift_y=&#8220;0&#8243; z_index=&#8220;0&#8243; column_width_pixel=&#8220;1600&#8243; uncode_shortcode_id=&#8220;553108&#8243; back_color_type=&#8220;uncode-palette&#8220;][vc_column column_width_percent=&#8220;100&#8243; align_horizontal=&#8220;align_center&#8220; gutter_size=&#8220;3&#8243; overlay_alpha=&#8220;50&#8243; shift_x=&#8220;0&#8243; shift_y=&#8220;0&#8243; shift_y_down=&#8220;0&#8243; z_index=&#8220;0&#8243; medium_width=&#8220;0&#8243; mobile_width=&#8220;0&#8243; width=&#8220;1\/1&#8243;][vc_column_text css_animation=&#8220;top-t-bottom&#8220; uncode_shortcode_id=&#8220;127318&#8243;]Weitere Informationen zu unserem Unternehmen erhalten Sie hier:[\/vc_column_text][vc_empty_space empty_h=&#8220;2&#8243;][vc_button button_color=&#8220;color-184891&#8243; outline=&#8220;yes&#8220; border_width=&#8220;0&#8243; display=&#8220;inline&#8220; css_animation=&#8220;bottom-t-top&#8220; animation_delay=&#8220;100&#8243; link=&#8220;url:https%3A%2F%2Fwww.gallehr.de%2Fde%2Fleistungen%2F|target:_blank&#8220; button_color_type=&#8220;uncode-palette&#8220; uncode_shortcode_id=&#8220;148578&#8243;]Leistungen[\/vc_button][vc_button button_color=&#8220;color-184891&#8243; outline=&#8220;yes&#8220; border_width=&#8220;0&#8243; display=&#8220;inline&#8220; css_animation=&#8220;bottom-t-top&#8220; animation_delay=&#8220;100&#8243; link=&#8220;url:https%3A%2F%2Fwww.gallehr.de%2Fde%2Freferenzen%2F|target:_blank&#8220; button_color_type=&#8220;uncode-palette&#8220; uncode_shortcode_id=&#8220;153141&#8243;]Referenzen[\/vc_button][vc_button button_color=&#8220;color-184891&#8243; outline=&#8220;yes&#8220; border_width=&#8220;0&#8243; display=&#8220;inline&#8220; lbox_dir=&#8220;vertical&#8220; link=&#8220;url:https%3A%2F%2Fwww.gallehr.de%2Fwordpress%2Fwp-content%2Fuploads%2F2023%2F08%2FGSR_Kurzvorstellung-2023-07.pdf|target:_blank&#8220; button_color_type=&#8220;uncode-palette&#8220; uncode_shortcode_id=&#8220;149192&#8243;]Kurzvorstellung[\/vc_button][vc_button button_color=&#8220;color-184891&#8243; outline=&#8220;yes&#8220; border_width=&#8220;0&#8243; display=&#8220;inline&#8220; css_animation=&#8220;bottom-t-top&#8220; animation_delay=&#8220;100&#8243; link=&#8220;url:https%3A%2F%2Fwww.gallehr.de%2Fnews%2F&#8220;]News &amp; Infos[\/vc_button][\/vc_column][\/vc_row]<\/p>\n<\/div>","protected":false},"excerpt":{"rendered":"<p>[vc_row unlock_row_content=&#8220;yes&#8220; row_height_percent=&#8220;0&#8243; override_padding=&#8220;yes&#8220; h_padding=&#8220;2&#8243; top_padding=&#8220;3&#8243; bottom_padding=&#8220;3&#8243; back_color=&#8220;color-202836&#8243; overlay_alpha=&#8220;50&#8243; gutter_size=&#8220;4&#8243; column_width_use_pixel=&#8220;yes&#8220; shift_y=&#8220;0&#8243; z_index=&#8220;0&#8243; column_width_pixel=&#8220;1600&#8243; uncode_shortcode_id=&#8220;188462&#8243; back_color_type=&#8220;uncode-palette&#8220;][vc_column column_width_percent=&#8220;100&#8243; position_vertical=&#8220;middle&#8220; gutter_size=&#8220;3&#8243; overlay_alpha=&#8220;50&#8243; [&hellip;]<\/p>\n","protected":false},"author":3,"featured_media":0,"parent":0,"menu_order":20,"comment_status":"closed","ping_status":"closed","template":"","meta":{"footnotes":""},"class_list":["post-88300","page","type-page","status-publish","hentry"],"_links":{"self":[{"href":"https:\/\/www.gallehr.de\/de\/wp-json\/wp\/v2\/pages\/88300","targetHints":{"allow":["GET"]}}],"collection":[{"href":"https:\/\/www.gallehr.de\/de\/wp-json\/wp\/v2\/pages"}],"about":[{"href":"https:\/\/www.gallehr.de\/de\/wp-json\/wp\/v2\/types\/page"}],"author":[{"embeddable":true,"href":"https:\/\/www.gallehr.de\/de\/wp-json\/wp\/v2\/users\/3"}],"replies":[{"embeddable":true,"href":"https:\/\/www.gallehr.de\/de\/wp-json\/wp\/v2\/comments?post=88300"}],"version-history":[{"count":0,"href":"https:\/\/www.gallehr.de\/de\/wp-json\/wp\/v2\/pages\/88300\/revisions"}],"wp:attachment":[{"href":"https:\/\/www.gallehr.de\/de\/wp-json\/wp\/v2\/media?parent=88300"}],"curies":[{"name":"wp","href":"https:\/\/api.w.org\/{rel}","templated":true}]}}