{"id":87735,"date":"2025-03-11T11:18:57","date_gmt":"2025-03-11T10:18:57","guid":{"rendered":"https:\/\/www.gallehr.de\/?page_id=87735"},"modified":"2025-03-11T11:18:57","modified_gmt":"2025-03-11T10:18:57","slug":"melanie-dornhaus","status":"publish","type":"page","link":"https:\/\/www.gallehr.de\/de\/team-gallehrpartner\/melanie-dornhaus\/","title":{"rendered":"Melanie Dornhaus"},"content":{"rendered":"<div class=\"wpb-content-wrapper\"><p>[vc_row unlock_row_content=&#8220;yes&#8220; row_height_percent=&#8220;0&#8243; override_padding=&#8220;yes&#8220; h_padding=&#8220;2&#8243; top_padding=&#8220;3&#8243; bottom_padding=&#8220;3&#8243; back_color=&#8220;color-xsdn&#8220; overlay_alpha=&#8220;50&#8243; gutter_size=&#8220;4&#8243; column_width_use_pixel=&#8220;yes&#8220; shift_y=&#8220;0&#8243; z_index=&#8220;0&#8243; column_width_pixel=&#8220;1600&#8243;][vc_column column_width_percent=&#8220;100&#8243; position_horizontal=&#8220;right&#8220; gutter_size=&#8220;3&#8243; overlay_alpha=&#8220;50&#8243; shift_x=&#8220;0&#8243; shift_y=&#8220;0&#8243; shift_y_down=&#8220;0&#8243; z_index=&#8220;0&#8243; medium_width=&#8220;3&#8243; mobile_width=&#8220;0&#8243; css_animation=&#8220;left-t-right&#8220; animation_delay=&#8220;200&#8243; width=&#8220;1\/4&#8243;][vc_single_image media=&#8220;87631&#8243; media_width_percent=&#8220;100&#8243; media_ratio=&#8220;two-three&#8220; alignment=&#8220;right&#8220; uncode_shortcode_id=&#8220;408743&#8243;][\/vc_column][vc_column column_width_percent=&#8220;100&#8243; position_horizontal=&#8220;left&#8220; gutter_size=&#8220;3&#8243; overlay_alpha=&#8220;50&#8243; shift_x=&#8220;0&#8243; shift_y=&#8220;0&#8243; shift_y_down=&#8220;0&#8243; z_index=&#8220;0&#8243; medium_width=&#8220;5&#8243; mobile_width=&#8220;0&#8243; css_animation=&#8220;right-t-left&#8220; animation_delay=&#8220;200&#8243; width=&#8220;3\/4&#8243;][vc_custom_heading heading_semantic=&#8220;h3&#8243; text_size=&#8220;h1&#8243; subheading=&#8220;Physikerin&#8220; uncode_shortcode_id=&#8220;688699&#8243;]<\/p>\n<p class=\"western\">Dr. Melanie Dornhaus<\/p>\n<p>[\/vc_custom_heading][vc_custom_heading heading_semantic=&#8220;h5&#8243; text_size=&#8220;h5&#8243; subheading=&#8220;Tel.: +49 611 90 06 9451<br \/>\nE-Mail: melanie.dornhaus@gallehr.de&#8220; uncode_shortcode_id=&#8220;518601&#8243; text_color_type=&#8220;uncode-palette&#8220; text_color_solid=&#8220;#ff0000&#8243;]Kontaktdaten[\/vc_custom_heading][vc_separator sep_color=&#8220;color-gyho&#8220;][vc_custom_heading heading_semantic=&#8220;h5&#8243; text_size=&#8220;h5&#8243;]Information[\/vc_custom_heading][vc_row_inner limit_content=&#8220;&#8220;][vc_column_inner width=&#8220;1\/2&#8243;][vc_column_text uncode_shortcode_id=&#8220;401651&#8243;]Nach Schul- und Studienzeit in USA, Frankreich, Deutschland und Gro\u00dfbritannien beendete Melanie Dornhaus 2006 ihr Physik-Studium mit einer Promotion auf dem Gebiet der Elektronenspinresonanz. Einige Jahre arbeitete sie f\u00fcr internationale Technologiekonzerne (Siemens, Areva) als Entwicklerin und Berechnungsingenieurin im Bereich der Medizin- und Kerntechnik. Sp\u00e4ter gr\u00fcndete und leitete sie als gesch\u00e4ftsf\u00fchrende Gesellschafterin ein Start-up, das auf digitale Speicherung, Verarbeitung und Austausch wissenschaftlicher Daten spezialisiert war. Nach ihrer R\u00fcckkehr von einem mehrj\u00e4hrigen Auslandsaufenthalt in Japan wirkte sie als naturwissenschaftliche Referentin einer gemeinn\u00fctzigen Akademie.[\/vc_column_text][\/vc_column_inner][vc_column_inner column_width_percent=&#8220;100&#8243; gutter_size=&#8220;3&#8243; overlay_alpha=&#8220;50&#8243; shift_x=&#8220;0&#8243; shift_y=&#8220;0&#8243; shift_y_down=&#8220;0&#8243; z_index=&#8220;0&#8243; medium_width=&#8220;0&#8243; mobile_width=&#8220;0&#8243; width=&#8220;1\/2&#8243; uncode_shortcode_id=&#8220;283337&#8243;][vc_column_text uncode_shortcode_id=&#8220;668875&#8243;]Seit Januar 2025 verst\u00e4rkt Melanie Dornhaus das Team von GALLEHR+PARTNER\u00ae. Zurzeit ist sie mit Aufgaben im Bereich Nachhaltiger Biomasse Systeme (NABISY) betraut.[\/vc_column_text][\/vc_column_inner][\/vc_row_inner][\/vc_column][\/vc_row]<\/p>\n<\/div>","protected":false},"excerpt":{"rendered":"<p>[vc_row unlock_row_content=&#8220;yes&#8220; row_height_percent=&#8220;0&#8243; override_padding=&#8220;yes&#8220; h_padding=&#8220;2&#8243; top_padding=&#8220;3&#8243; bottom_padding=&#8220;3&#8243; back_color=&#8220;color-xsdn&#8220; overlay_alpha=&#8220;50&#8243; gutter_size=&#8220;4&#8243; column_width_use_pixel=&#8220;yes&#8220; shift_y=&#8220;0&#8243; z_index=&#8220;0&#8243; column_width_pixel=&#8220;1600&#8243;][vc_column column_width_percent=&#8220;100&#8243; position_horizontal=&#8220;right&#8220; gutter_size=&#8220;3&#8243; overlay_alpha=&#8220;50&#8243; shift_x=&#8220;0&#8243; shift_y=&#8220;0&#8243; [&hellip;]<\/p>\n","protected":false},"author":22,"featured_media":0,"parent":84094,"menu_order":0,"comment_status":"closed","ping_status":"closed","template":"","meta":{"footnotes":""},"class_list":["post-87735","page","type-page","status-publish","hentry"],"_links":{"self":[{"href":"https:\/\/www.gallehr.de\/de\/wp-json\/wp\/v2\/pages\/87735","targetHints":{"allow":["GET"]}}],"collection":[{"href":"https:\/\/www.gallehr.de\/de\/wp-json\/wp\/v2\/pages"}],"about":[{"href":"https:\/\/www.gallehr.de\/de\/wp-json\/wp\/v2\/types\/page"}],"author":[{"embeddable":true,"href":"https:\/\/www.gallehr.de\/de\/wp-json\/wp\/v2\/users\/22"}],"replies":[{"embeddable":true,"href":"https:\/\/www.gallehr.de\/de\/wp-json\/wp\/v2\/comments?post=87735"}],"version-history":[{"count":0,"href":"https:\/\/www.gallehr.de\/de\/wp-json\/wp\/v2\/pages\/87735\/revisions"}],"up":[{"embeddable":true,"href":"https:\/\/www.gallehr.de\/de\/wp-json\/wp\/v2\/pages\/84094"}],"wp:attachment":[{"href":"https:\/\/www.gallehr.de\/de\/wp-json\/wp\/v2\/media?parent=87735"}],"curies":[{"name":"wp","href":"https:\/\/api.w.org\/{rel}","templated":true}]}}