{"id":87542,"date":"2025-01-16T16:47:52","date_gmt":"2025-01-16T15:47:52","guid":{"rendered":"https:\/\/www.gallehr.de\/?page_id=87542"},"modified":"2026-04-16T15:28:43","modified_gmt":"2026-04-16T13:28:43","slug":"oekologische-gegenleistungen-und-verpflichtungen","status":"publish","type":"page","link":"https:\/\/www.gallehr.de\/de\/leistungen\/oekologische-gegenleistungen-und-verpflichtungen\/","title":{"rendered":"\u00d6kologische Gegenleistungen und Verpflichtungen"},"content":{"rendered":"<div class=\"wpb-content-wrapper\"><p>[vc_row unlock_row_content=&#8220;yes&#8220; row_height_percent=&#8220;0&#8243; override_padding=&#8220;yes&#8220; h_padding=&#8220;2&#8243; top_padding=&#8220;3&#8243; bottom_padding=&#8220;3&#8243; back_color=&#8220;color-202836&#8243; overlay_alpha=&#8220;50&#8243; gutter_size=&#8220;4&#8243; column_width_use_pixel=&#8220;yes&#8220; shift_y=&#8220;0&#8243; z_index=&#8220;0&#8243; column_width_pixel=&#8220;1600&#8243; uncode_shortcode_id=&#8220;188462&#8243; back_color_type=&#8220;uncode-palette&#8220;][vc_column column_width_percent=&#8220;100&#8243; position_vertical=&#8220;middle&#8220; gutter_size=&#8220;3&#8243; overlay_alpha=&#8220;50&#8243; shift_x=&#8220;0&#8243; shift_y=&#8220;0&#8243; shift_y_down=&#8220;0&#8243; z_index=&#8220;0&#8243; medium_width=&#8220;0&#8243; mobile_width=&#8220;0&#8243; css_animation=&#8220;left-t-right&#8220; animation_delay=&#8220;200&#8243; width=&#8220;2\/3&#8243;][vc_column_text uncode_shortcode_id=&#8220;954621&#8243;]<\/p>\n<h1><span style=\"color: #b11116;\"><strong>GALLEHR+PARTNER<sup>\u00ae<\/sup> &#8211; Fachinformation:<br \/>\n<\/strong><\/span><strong>&#8222;\u00d6kologische Gegenleistungen und Verpflichtungen\u201c<\/strong><\/h1>\n<h3><strong>Einblick in die aktuellen Umsetzungsanforderungen an Energieeffizienzma\u00dfnahmen im Kontext von Beihilfe- und Ordnungsrecht<\/strong>.<\/h3>\n<p style=\"text-align: justify;\">Auch in den kommenden Gesch\u00e4ftsjahren wird f\u00fcr energieintensive Industrie die Relevanz der Identifikation und Umsetzung von sog. <a class=\"cursor-init\" href=\"https:\/\/www.gallehr.de\/wordpress\/wp-content\/uploads\/2025\/01\/Uebersichtsmatrix-Oekologische-Gegenleistungen-und-Verpflichtungen-2025-V2.pdf\" target=\"_blank\" rel=\"noopener\">\u201ewirtschaftlichen\u201c Energieeffizienzma\u00dfnahmen<\/a> auch weiterhin von Bedeutung sein.<\/p>\n<p style=\"text-align: justify;\">F\u00fcr einen \u00dcberblick zu den wirtschaftlichen und rechtlichen Rahmenbedingungen im Einzelnen sowie zu den Anforderungen an die Managementprozesse hat <a href=\"https:\/\/www.gallehr.de\/de\/\" target=\"_blank\" rel=\"noopener\">GALLEHR+PARTNER<sup>\u00ae<\/sup><\/a> die sogenannte <a href=\"https:\/\/www.gallehr.de\/wordpress\/wp-content\/uploads\/2025\/01\/Uebersichtsmatrix-Oekologische-Gegenleistungen-und-Verpflichtungen-2025-V2.pdf\" target=\"_blank\" rel=\"noopener\">&#8222;\u00dcbersichtsmatrix \u2013 \u00d6kologische Gegenleistungen und Verpflichtungen&#8220;<\/a> entwickelt. Die Anforderungen im Einzelnen befinden sich in der Entwicklung und stets im Wandel. Wir werden die Matrix daher in unregelm\u00e4\u00dfigen Abst\u00e4nden weiterhin Ihnen aktualisiert zur Verf\u00fcgung stellen.<\/p>\n<p>[\/vc_column_text][vc_empty_space empty_h=&#8220;2&#8243;][vc_button button_color=&#8220;color-184891&#8243; outline=&#8220;yes&#8220; border_width=&#8220;0&#8243; display=&#8220;inline&#8220; lbox_dir=&#8220;vertical&#8220; link=&#8220;url:https%3A%2F%2Fwww.gallehr.de%2Fde%2Foekologische-gegenleistungen-und-verpflichtungen%2F%23Kontakt&#8220; button_color_type=&#8220;uncode-palette&#8220; uncode_shortcode_id=&#8220;163523&#8243;]Kontakt[\/vc_button][vc_button button_color=&#8220;color-184891&#8243; outline=&#8220;yes&#8220; border_width=&#8220;0&#8243; display=&#8220;inline&#8220; inline_mobile=&#8220;yes&#8220; lbox_dir=&#8220;vertical&#8220; link=&#8220;url:https%3A%2F%2Fwww.gallehr.de%2Fwordpress%2Fwp-content%2Fuploads%2F2025%2F01%2FUebersichtsmatrix-Oekologische-Gegenleistungen-und-Verpflichtungen-2025-V2.pdf|target:_blank&#8220; button_color_type=&#8220;uncode-palette&#8220; uncode_shortcode_id=&#8220;401705&#8243;]Download-Matrix[\/vc_button][vc_button button_color=&#8220;color-184891&#8243; outline=&#8220;yes&#8220; border_width=&#8220;0&#8243; display=&#8220;inline&#8220; lbox_dir=&#8220;vertical&#8220; link=&#8220;url:https%3A%2F%2Fwww.gallehr.de%2Fde%2Fleistungen%2F&#8220; button_color_type=&#8220;uncode-palette&#8220; uncode_shortcode_id=&#8220;191172&#8243;]Weitere Leistungen[\/vc_button][\/vc_column][vc_column width=&#8220;1\/3&#8243;][vc_single_image media=&#8220;84299&#8243; media_width_percent=&#8220;80&#8243; alignment=&#8220;right&#8220; css_animation=&#8220;right-t-left&#8220; animation_delay=&#8220;200&#8243; uncode_shortcode_id=&#8220;501577&#8243;][\/vc_column][\/vc_row][vc_row unlock_row_content=&#8220;yes&#8220; row_height_percent=&#8220;0&#8243; override_padding=&#8220;yes&#8220; h_padding=&#8220;2&#8243; top_padding=&#8220;3&#8243; bottom_padding=&#8220;3&#8243; back_color=&#8220;color-xsdn&#8220; overlay_alpha=&#8220;50&#8243; gutter_size=&#8220;4&#8243; column_width_use_pixel=&#8220;yes&#8220; shift_y=&#8220;0&#8243; z_index=&#8220;0&#8243; inverted_device_order=&#8220;yes&#8220; column_width_pixel=&#8220;1600&#8243;][vc_column width=&#8220;1\/1&#8243;][vc_empty_space empty_h=&#8220;2&#8243;][vc_column_text uncode_shortcode_id=&#8220;148491&#8243;]<\/p>\n<h1 style=\"text-align: justify;\"><strong>\u00dcbersichtsmatrix \u2013 \u00d6kologische Gegenleistungen und Verpflichtungen<\/strong><\/h1>\n<p style=\"text-align: justify;\">Denn Unternehmen m\u00fcssen auch weiterhin diese einerseits in Form von sog. \u201e\u00f6kologischen Gegenleistungen\u201c\u00a0 bei der Antragstellung nachweisen, sofern sie Vorteile in Anspruch nehmen wollen. Dies gilt f\u00fcr die Beihilfe nach <a href=\"https:\/\/www.dehst.de\/SharedDocs\/news\/DE\/BECV.html\" target=\"_blank\" rel=\"noopener\">BECV<\/a>, die nun bis 2030 verl\u00e4ngerte <a class=\"cursor-init\" href=\"https:\/\/www.dehst.de\/DE\/Strompreiskompensation\/strompreiskompensation_node.html\" target=\"_blank\" rel=\"noopener\">Strompreiskompensation <\/a>sowie bei der <a class=\"cursor-init\" href=\"https:\/\/www.bafa.de\/DE\/Energie\/Besondere_Ausgleichsregelung\/Antragsverfahren\/antragsverfahren_node.html\" target=\"_blank\" rel=\"noopener\">Besonderen Ausgleichsregelung nach dem Energiefinanzierungsgesetz<\/a>. Gleichwohl war die Umsetzung von \u201ewirtschaftlichen\u201c Energieeffizienzma\u00dfnahmen bei der Antragstellung auf <a href=\"https:\/\/www.dehst.de\/DE\/Europaeischer-Emissionshandel\/Luftfahrzeugbetreiber\/Emissionshandel\/Zuteilung\/zuteilung_node.html\" target=\"_blank\" rel=\"noopener\">kostenlose Zuteilung<\/a> von Emissionsberechtigungen im <a href=\"https:\/\/www.gallehr.de\/de\/leistungen\/verpflichtender-emissionshandel-eu-und-de\/\" target=\"_blank\" rel=\"noopener\">EUETS<\/a> im Antragsjahr 2024 eine notwendige Pr\u00e4misse.<\/p>\n<p style=\"text-align: justify;\">Andererseits besteht nach dem am 18. November 2023 in Kraft getretenen <a class=\"cursor-init\" href=\"https:\/\/www.bmwk.de\/Redaktion\/DE\/Pressemitteilungen\/2023\/09\/20230921-bundestag-beschliesst-energieeffizienzgesetz.html\" target=\"_blank\" rel=\"noopener\">Energieeffizienzgesetz (EnEfG)<\/a> die Verpflichtung zur Erstellung und Ver\u00f6ffentlichung von konkreten, durchf\u00fchrbaren Pl\u00e4nen f\u00fcr Endenergieeinsparma\u00dfnahmen dauerhaft vorgesehen.<\/p>\n<p style=\"text-align: justify;\">Die Voraussetzungen f\u00fcr die Energieeffizienzma\u00dfnahmen \u00e4hneln sich in allen eben aufgez\u00e4hlten Rechtsgebieten, unterscheiden sich aber doch im Einzelnen. Stets sind indes nur \u201ewirtschaftliche\u201c Ma\u00dfnahmen umzusetzen. Ma\u00dfgeblich f\u00fcr dieses Kriterium der Wirtschaftlichkeit gilt in einer Mehrzahl der Rechtsgebiete grunds\u00e4tzlich die Vorgaben der <a class=\"cursor-init\" href=\"https:\/\/www.gallehr.de\/de\/wirtschaftlichkeitsbewertung-von-energieeffizienzmassnahmen-nach-din-en-17463\/\" target=\"_blank\" rel=\"noopener\">DIN EN 17463 (VALERI)<\/a>.<\/p>\n<p>Unter folgendem Link steht Ihnen unsere <a href=\"https:\/\/www.gallehr.de\/wordpress\/wp-content\/uploads\/2025\/01\/Uebersichtsmatrix-Oekologische-Gegenleistungen-und-Verpflichtungen-2025-V2.pdf\" target=\"_blank\" rel=\"noopener\">\u00dcbersichtsmatrix -\u00d6kologische Gegenleistungen und Verpflichtungen<\/a> zum Download zur Verf\u00fcgung.[\/vc_column_text][uncode_slider slider_interval=&#8220;0&#8243; slider_navspeed=&#8220;700&#8243; slider_loop=&#8220;yes&#8220; slider_hide_dots=&#8220;yes&#8220; el_id=&#8220;slider-194540&#8243;][vc_row_inner][vc_column_inner column_width_percent=&#8220;100&#8243; gutter_size=&#8220;3&#8243; overlay_alpha=&#8220;50&#8243; shift_x=&#8220;0&#8243; shift_y=&#8220;0&#8243; shift_y_down=&#8220;0&#8243; z_index=&#8220;0&#8243; medium_width=&#8220;0&#8243; mobile_width=&#8220;0&#8243; width=&#8220;1\/1&#8243; uncode_shortcode_id=&#8220;179598&#8243;][vc_single_image media=&#8220;88041&#8243; media_lightbox=&#8220;yes&#8220; media_width_percent=&#8220;100&#8243; alignment=&#8220;center&#8220; shadow=&#8220;yes&#8220; shadow_weight=&#8220;std&#8220; shadow_darker=&#8220;yes&#8220; uncode_shortcode_id=&#8220;187048&#8243;][\/vc_column_inner][\/vc_row_inner][vc_row_inner][vc_column_inner width=&#8220;1\/1&#8243;][vc_single_image media=&#8220;88043&#8243; media_lightbox=&#8220;yes&#8220; media_width_percent=&#8220;100&#8243; alignment=&#8220;center&#8220; shadow=&#8220;yes&#8220; shadow_weight=&#8220;std&#8220; shadow_darker=&#8220;yes&#8220; uncode_shortcode_id=&#8220;162919&#8243;][\/vc_column_inner][\/vc_row_inner][vc_row_inner][vc_column_inner width=&#8220;1\/1&#8243;][vc_single_image media=&#8220;88045&#8243; media_lightbox=&#8220;yes&#8220; media_width_percent=&#8220;100&#8243; alignment=&#8220;center&#8220; shadow=&#8220;yes&#8220; shadow_weight=&#8220;std&#8220; shadow_darker=&#8220;yes&#8220; uncode_shortcode_id=&#8220;133361&#8243;][\/vc_column_inner][\/vc_row_inner][vc_row_inner][vc_column_inner width=&#8220;1\/1&#8243;][vc_single_image media=&#8220;88021&#8243; media_lightbox=&#8220;yes&#8220; media_width_percent=&#8220;100&#8243; alignment=&#8220;center&#8220; shadow=&#8220;yes&#8220; shadow_weight=&#8220;std&#8220; shadow_darker=&#8220;yes&#8220; uncode_shortcode_id=&#8220;728700&#8243;][\/vc_column_inner][\/vc_row_inner][vc_row_inner][vc_column_inner width=&#8220;1\/1&#8243;][vc_single_image media=&#8220;88023&#8243; media_lightbox=&#8220;yes&#8220; media_width_percent=&#8220;100&#8243; alignment=&#8220;center&#8220; shadow=&#8220;yes&#8220; shadow_weight=&#8220;std&#8220; shadow_darker=&#8220;yes&#8220; uncode_shortcode_id=&#8220;471023&#8243;][\/vc_column_inner][\/vc_row_inner][vc_row_inner][vc_column_inner width=&#8220;1\/1&#8243;][vc_single_image media=&#8220;88025&#8243; media_lightbox=&#8220;yes&#8220; media_width_percent=&#8220;100&#8243; alignment=&#8220;center&#8220; shadow=&#8220;yes&#8220; shadow_weight=&#8220;std&#8220; shadow_darker=&#8220;yes&#8220; uncode_shortcode_id=&#8220;934007&#8243;][\/vc_column_inner][\/vc_row_inner][vc_row_inner][vc_column_inner width=&#8220;1\/1&#8243;][vc_single_image media=&#8220;88027&#8243; media_lightbox=&#8220;yes&#8220; media_width_percent=&#8220;100&#8243; alignment=&#8220;center&#8220; shadow=&#8220;yes&#8220; shadow_weight=&#8220;std&#8220; shadow_darker=&#8220;yes&#8220; uncode_shortcode_id=&#8220;364057&#8243;][\/vc_column_inner][\/vc_row_inner][vc_row_inner][vc_column_inner width=&#8220;1\/1&#8243;][vc_single_image media=&#8220;88029&#8243; media_lightbox=&#8220;yes&#8220; media_width_percent=&#8220;100&#8243; alignment=&#8220;center&#8220; shadow=&#8220;yes&#8220; shadow_weight=&#8220;std&#8220; shadow_darker=&#8220;yes&#8220; uncode_shortcode_id=&#8220;142442&#8243;][\/vc_column_inner][\/vc_row_inner][vc_row_inner][vc_column_inner width=&#8220;1\/1&#8243;][vc_single_image media=&#8220;88031&#8243; media_lightbox=&#8220;yes&#8220; media_width_percent=&#8220;100&#8243; alignment=&#8220;center&#8220; shadow=&#8220;yes&#8220; shadow_weight=&#8220;std&#8220; shadow_darker=&#8220;yes&#8220; uncode_shortcode_id=&#8220;444968&#8243;][\/vc_column_inner][\/vc_row_inner][vc_row_inner][vc_column_inner width=&#8220;1\/1&#8243;][vc_single_image media=&#8220;88033&#8243; media_lightbox=&#8220;yes&#8220; media_width_percent=&#8220;100&#8243; alignment=&#8220;center&#8220; shadow=&#8220;yes&#8220; shadow_weight=&#8220;std&#8220; shadow_darker=&#8220;yes&#8220; uncode_shortcode_id=&#8220;649302&#8243;][\/vc_column_inner][\/vc_row_inner][vc_row_inner][vc_column_inner width=&#8220;1\/1&#8243;][vc_single_image media=&#8220;88035&#8243; media_lightbox=&#8220;yes&#8220; media_width_percent=&#8220;100&#8243; alignment=&#8220;center&#8220; shadow=&#8220;yes&#8220; shadow_weight=&#8220;std&#8220; shadow_darker=&#8220;yes&#8220; uncode_shortcode_id=&#8220;210692&#8243;][\/vc_column_inner][\/vc_row_inner][vc_row_inner][vc_column_inner width=&#8220;1\/1&#8243;][vc_single_image media=&#8220;88037&#8243; media_lightbox=&#8220;yes&#8220; media_width_percent=&#8220;100&#8243; alignment=&#8220;center&#8220; shadow=&#8220;yes&#8220; shadow_weight=&#8220;std&#8220; shadow_darker=&#8220;yes&#8220; uncode_shortcode_id=&#8220;115926&#8243;][\/vc_column_inner][\/vc_row_inner][vc_row_inner][vc_column_inner width=&#8220;1\/1&#8243;][vc_single_image media=&#8220;88039&#8243; media_lightbox=&#8220;yes&#8220; media_width_percent=&#8220;100&#8243; alignment=&#8220;center&#8220; shadow=&#8220;yes&#8220; shadow_weight=&#8220;std&#8220; shadow_darker=&#8220;yes&#8220; uncode_shortcode_id=&#8220;128964&#8243;][\/vc_column_inner][\/vc_row_inner][\/uncode_slider][uncode_slider][\/uncode_slider][\/vc_column][\/vc_row][vc_row unlock_row_content=&#8220;yes&#8220; row_height_percent=&#8220;0&#8243; override_padding=&#8220;yes&#8220; h_padding=&#8220;2&#8243; top_padding=&#8220;2&#8243; bottom_padding=&#8220;3&#8243; back_color=&#8220;color-202836&#8243; overlay_alpha=&#8220;50&#8243; gutter_size=&#8220;4&#8243; column_width_use_pixel=&#8220;yes&#8220; shift_y=&#8220;0&#8243; z_index=&#8220;0&#8243; content_parallax=&#8220;0&#8243; column_width_pixel=&#8220;1600&#8243; uncode_shortcode_id=&#8220;488244&#8243; back_color_type=&#8220;uncode-palette&#8220;][vc_column column_width_percent=&#8220;100&#8243; position_vertical=&#8220;middle&#8220; gutter_size=&#8220;3&#8243; overlay_alpha=&#8220;50&#8243; shift_x=&#8220;0&#8243; shift_y=&#8220;0&#8243; shift_y_down=&#8220;0&#8243; z_index=&#8220;0&#8243; medium_width=&#8220;0&#8243; mobile_width=&#8220;0&#8243; css_animation=&#8220;left-t-right&#8220; animation_delay=&#8220;200&#8243; width=&#8220;3\/4&#8243;][vc_custom_heading uncode_shortcode_id=&#8220;142137&#8243;]<\/p>\n<h1><span style=\"color: #b11116;\"><a id=\"Kontakt\"><\/a>Kontaktm\u00f6glichkeit<\/span><\/h1>\n<p>[\/vc_custom_heading][vc_column_text uncode_shortcode_id=&#8220;111412&#8243;]Gerne steht Ihnen <a href=\"https:\/\/www.gallehr.de\/de\/\" target=\"_blank\" rel=\"noopener\">GALLEHR+PARTNER\u00ae<\/a> zur Diskussion Ihrer spezifischen Situation zur Verf\u00fcgung. Unser Team unterst\u00fctzt bereits mehrere unserer Kunden zu den aktuell g\u00fcltigen Beihilfeverordnungen. Daraus resultierend beraten wir Sie gerne bei den Anpassungserfordernissen innerhalb Ihrer <a href=\"https:\/\/www.gallehr.de\/de\/leistungen\/managementsysteme\/\" target=\"_blank\" rel=\"noopener\">ISO 50001 Managementsysteme<\/a> sowie zur relevanten <a href=\"https:\/\/www.gallehr.de\/de\/wirtschaftlichkeitsbewertung-von-energieeffizienzmassnahmen-nach-din-en-17463\/\" target=\"_blank\" rel=\"noopener\">VALERI-Bewertung<\/a> von Energieeffizienzma\u00dfnahmen (Kapitalwertmethode). Z\u00f6gern Sie nicht, uns f\u00fcr weitere <a href=\"https:\/\/www.gallehr.de\/de\/leistungen\/verpflichtender-emissionshandel-eu-und-de\/\" target=\"_blank\" rel=\"noopener\">Informationen<\/a> oder <a href=\"https:\/\/www.gallehr.de\/de\/leistungen\/verpflichtender-emissionshandel-eu-und-de\/\" target=\"_blank\" rel=\"noopener\">Unterst\u00fctzung<\/a> zu kontaktieren.<\/p>\n<hr \/>\n<div class=\"wpcf7 no-js\" id=\"wpcf7-f87132-o1\" lang=\"de-DE\" dir=\"ltr\" data-wpcf7-id=\"87132\">\n<div class=\"screen-reader-response\"><p role=\"status\" aria-live=\"polite\" aria-atomic=\"true\"><\/p> <ul><\/ul><\/div>\n<form action=\"\/de\/wp-json\/wp\/v2\/pages\/87542#wpcf7-f87132-o1\" method=\"post\" class=\"wpcf7-form init\" aria-label=\"Kontaktformular\" novalidate=\"novalidate\" data-status=\"init\">\n<fieldset class=\"hidden-fields-container\"><input type=\"hidden\" name=\"_wpcf7\" value=\"87132\" \/><input type=\"hidden\" name=\"_wpcf7_version\" value=\"6.1.5\" \/><input type=\"hidden\" name=\"_wpcf7_locale\" value=\"de_DE\" \/><input type=\"hidden\" name=\"_wpcf7_unit_tag\" value=\"wpcf7-f87132-o1\" \/><input type=\"hidden\" name=\"_wpcf7_container_post\" value=\"0\" \/><input type=\"hidden\" name=\"_wpcf7_posted_data_hash\" value=\"\" \/><input type=\"hidden\" name=\"nlang\" value=\"de\" \/>\n<\/fieldset>\n<div class=\"wpcf7-inline-wrapper\">\n\t<p class=\"wpcf7-inline-field\"><span class=\"wpcf7-form-control-wrap\" data-name=\"anrede\"><select class=\"wpcf7-form-control wpcf7-select wpcf7-validates-as-required\" aria-required=\"true\" aria-invalid=\"false\" name=\"anrede\"><option value=\"\">&#8211; Bitte ausw\u00e4hlen &#8211;<\/option><option value=\"Keine Angabe\">Keine Angabe<\/option><option value=\"Herr\">Herr<\/option><option value=\"Frau\">Frau<\/option><\/select><\/span>\n\t<\/p>\n\t<p class=\"wpcf7-inline-field\"><span class=\"wpcf7-form-control-wrap\" data-name=\"vorname\"><input size=\"40\" maxlength=\"400\" class=\"wpcf7-form-control wpcf7-text wpcf7-validates-as-required\" aria-required=\"true\" aria-invalid=\"false\" placeholder=\"Vorname\" value=\"\" type=\"text\" name=\"vorname\" \/><\/span>\n\t<\/p>\n\t<p class=\"wpcf7-inline-field\"><span class=\"wpcf7-form-control-wrap\" data-name=\"nachname\"><input size=\"40\" maxlength=\"400\" class=\"wpcf7-form-control wpcf7-text wpcf7-validates-as-required\" aria-required=\"true\" aria-invalid=\"false\" placeholder=\"Nachname\" value=\"\" type=\"text\" name=\"nachname\" \/><\/span>\n\t<\/p>\n<\/div>\n<p><span class=\"wpcf7-form-control-wrap\" data-name=\"firma\"><input size=\"40\" maxlength=\"400\" class=\"wpcf7-form-control wpcf7-text\" aria-invalid=\"false\" placeholder=\"Firmenname\" value=\"\" type=\"text\" name=\"firma\" \/><\/span>\n<\/p>\n<p><span class=\"wpcf7-form-control-wrap\" data-name=\"email\"><input size=\"40\" maxlength=\"400\" class=\"wpcf7-form-control wpcf7-email wpcf7-validates-as-required wpcf7-text wpcf7-validates-as-email form-fluid\" aria-required=\"true\" aria-invalid=\"false\" placeholder=\"E-Mail\" value=\"\" type=\"email\" name=\"email\" \/><\/span>\n<\/p>\n<p><span class=\"wpcf7-form-control-wrap\" data-name=\"datenschutz\"><span class=\"wpcf7-form-control wpcf7-acceptance\"><span class=\"wpcf7-list-item\"><label><input type=\"checkbox\" name=\"datenschutz\" value=\"1\" aria-invalid=\"false\" \/><span class=\"wpcf7-list-item-label\">Ich bin einverstanden, dass GALLEHR+PARTNER<sup>\u00ae<\/sup> meine Daten f\u00fcr eine Kontaktaufname elektronisch speichert. Die Daten werden nicht an Dritte weitergegeben. Diese Einwilligung kann jederzeit widerrufen werden. Weitere Infos finden Sie in der <a target=\"_blank\" href=\"https:\/\/www.gallehr.de\/haftungshinweis-datenschutzerklaerung\/\">Datenschutzerkl\u00e4rung<\/a>.<\/span><\/label><\/span><\/span><\/span>\n<\/p>\n<p><span id=\"wpcf7-69e4f9e6b6ccd-wrapper\" class=\"wpcf7-form-control-wrap honeypot-516-wrap\" style=\"display:none !important; visibility:hidden !important;\"><label for=\"wpcf7-69e4f9e6b6ccd-field\" class=\"hp-message\">Bitte lasse dieses Feld leer.<\/label><input id=\"wpcf7-69e4f9e6b6ccd-field\"  class=\"wpcf7-form-control wpcf7-text\" type=\"text\" name=\"honeypot-516\" value=\"\" size=\"40\" tabindex=\"-1\" autocomplete=\"new-password\" \/><\/span>\n<\/p>\n<p><input class=\"wpcf7-form-control wpcf7-submit has-spinner btn btn-accent btn-outline\" type=\"submit\" value=\"Absenden\" \/>\n<\/p><div class=\"wpcf7-response-output\" aria-hidden=\"true\"><\/div>\n<\/form>\n<\/div>\n[\/vc_column_text][\/vc_column][vc_column width=&#8220;1\/4&#8243;][vc_single_image media=&#8220;84309&#8243; media_width_percent=&#8220;54&#8243; css_animation=&#8220;left-t-right&#8220; animation_delay=&#8220;200&#8243; uncode_shortcode_id=&#8220;257284&#8243;][\/vc_column][\/vc_row][vc_row unlock_row_content=&#8220;yes&#8220; row_height_percent=&#8220;0&#8243; override_padding=&#8220;yes&#8220; h_padding=&#8220;2&#8243; top_padding=&#8220;3&#8243; bottom_padding=&#8220;3&#8243; back_color=&#8220;color-xsdn&#8220; overlay_alpha=&#8220;50&#8243; gutter_size=&#8220;4&#8243; column_width_use_pixel=&#8220;yes&#8220; shift_y=&#8220;0&#8243; z_index=&#8220;0&#8243; content_parallax=&#8220;0&#8243; column_width_pixel=&#8220;1600&#8243; uncode_shortcode_id=&#8220;218259&#8243; back_color_type=&#8220;uncode-palette&#8220;][vc_column column_width_percent=&#8220;100&#8243; align_horizontal=&#8220;align_center&#8220; gutter_size=&#8220;3&#8243; overlay_alpha=&#8220;50&#8243; shift_x=&#8220;0&#8243; shift_y=&#8220;0&#8243; shift_y_down=&#8220;0&#8243; z_index=&#8220;0&#8243; medium_width=&#8220;0&#8243; mobile_width=&#8220;0&#8243; width=&#8220;1\/1&#8243;][vc_column_text css_animation=&#8220;top-t-bottom&#8220; uncode_shortcode_id=&#8220;127318&#8243;]Weitere Informationen zu unserem Unternehmen erhalten Sie hier:[\/vc_column_text][vc_empty_space empty_h=&#8220;2&#8243;][vc_button button_color=&#8220;color-184891&#8243; outline=&#8220;yes&#8220; border_width=&#8220;0&#8243; display=&#8220;inline&#8220; css_animation=&#8220;bottom-t-top&#8220; animation_delay=&#8220;100&#8243; link=&#8220;url:https%3A%2F%2Fwww.gallehr.de%2Fde%2Fleistungen%2F|target:_blank&#8220; button_color_type=&#8220;uncode-palette&#8220; uncode_shortcode_id=&#8220;148578&#8243;]Leistungen[\/vc_button][vc_button button_color=&#8220;color-184891&#8243; outline=&#8220;yes&#8220; border_width=&#8220;0&#8243; display=&#8220;inline&#8220; css_animation=&#8220;bottom-t-top&#8220; animation_delay=&#8220;100&#8243; link=&#8220;url:https%3A%2F%2Fwww.gallehr.de%2Fde%2Freferenzen%2F|target:_blank&#8220; button_color_type=&#8220;uncode-palette&#8220; uncode_shortcode_id=&#8220;153141&#8243;]Referenzen[\/vc_button][vc_button button_color=&#8220;color-184891&#8243; outline=&#8220;yes&#8220; border_width=&#8220;0&#8243; display=&#8220;inline&#8220; lbox_dir=&#8220;vertical&#8220; link=&#8220;url:https%3A%2F%2Fwww.gallehr.de%2Fwordpress%2Fwp-content%2Fuploads%2F2023%2F08%2FGSR_Kurzvorstellung-2023-07.pdf|target:_blank&#8220; button_color_type=&#8220;uncode-palette&#8220; uncode_shortcode_id=&#8220;149192&#8243;]Kurzvorstellung[\/vc_button][vc_button button_color=&#8220;color-184891&#8243; outline=&#8220;yes&#8220; border_width=&#8220;0&#8243; display=&#8220;inline&#8220; css_animation=&#8220;bottom-t-top&#8220; animation_delay=&#8220;100&#8243; link=&#8220;url:https%3A%2F%2Fwww.gallehr.de%2Fnews%2F&#8220;]News &amp; Infos[\/vc_button][\/vc_column][\/vc_row]<\/p>\n<\/div>","protected":false},"excerpt":{"rendered":"<p>[vc_row unlock_row_content=&#8220;yes&#8220; row_height_percent=&#8220;0&#8243; override_padding=&#8220;yes&#8220; h_padding=&#8220;2&#8243; top_padding=&#8220;3&#8243; bottom_padding=&#8220;3&#8243; back_color=&#8220;color-202836&#8243; overlay_alpha=&#8220;50&#8243; gutter_size=&#8220;4&#8243; column_width_use_pixel=&#8220;yes&#8220; shift_y=&#8220;0&#8243; z_index=&#8220;0&#8243; column_width_pixel=&#8220;1600&#8243; uncode_shortcode_id=&#8220;188462&#8243; back_color_type=&#8220;uncode-palette&#8220;][vc_column column_width_percent=&#8220;100&#8243; position_vertical=&#8220;middle&#8220; gutter_size=&#8220;3&#8243; overlay_alpha=&#8220;50&#8243; [&hellip;]<\/p>\n","protected":false},"author":17,"featured_media":0,"parent":84120,"menu_order":10,"comment_status":"closed","ping_status":"closed","template":"","meta":{"footnotes":""},"class_list":["post-87542","page","type-page","status-publish","hentry","page_category-oekologischegegenleistungen","page_category-leistungen"],"_links":{"self":[{"href":"https:\/\/www.gallehr.de\/de\/wp-json\/wp\/v2\/pages\/87542","targetHints":{"allow":["GET"]}}],"collection":[{"href":"https:\/\/www.gallehr.de\/de\/wp-json\/wp\/v2\/pages"}],"about":[{"href":"https:\/\/www.gallehr.de\/de\/wp-json\/wp\/v2\/types\/page"}],"author":[{"embeddable":true,"href":"https:\/\/www.gallehr.de\/de\/wp-json\/wp\/v2\/users\/17"}],"replies":[{"embeddable":true,"href":"https:\/\/www.gallehr.de\/de\/wp-json\/wp\/v2\/comments?post=87542"}],"version-history":[{"count":0,"href":"https:\/\/www.gallehr.de\/de\/wp-json\/wp\/v2\/pages\/87542\/revisions"}],"up":[{"embeddable":true,"href":"https:\/\/www.gallehr.de\/de\/wp-json\/wp\/v2\/pages\/84120"}],"wp:attachment":[{"href":"https:\/\/www.gallehr.de\/de\/wp-json\/wp\/v2\/media?parent=87542"}],"curies":[{"name":"wp","href":"https:\/\/api.w.org\/{rel}","templated":true}]}}