{"id":86995,"date":"2024-07-03T12:11:55","date_gmt":"2024-07-03T10:11:55","guid":{"rendered":"https:\/\/www.gallehr.de\/?page_id=86995"},"modified":"2024-07-03T12:16:44","modified_gmt":"2024-07-03T10:16:44","slug":"niklas-schnieder","status":"publish","type":"page","link":"https:\/\/www.gallehr.de\/de\/team-gallehrpartner\/niklas-schnieder\/","title":{"rendered":"Niklas Schnieder"},"content":{"rendered":"<div class=\"wpb-content-wrapper\"><p>[vc_row unlock_row_content=&#8220;yes&#8220; row_height_percent=&#8220;0&#8243; override_padding=&#8220;yes&#8220; h_padding=&#8220;2&#8243; top_padding=&#8220;3&#8243; bottom_padding=&#8220;3&#8243; back_color=&#8220;color-xsdn&#8220; overlay_alpha=&#8220;50&#8243; gutter_size=&#8220;4&#8243; column_width_use_pixel=&#8220;yes&#8220; shift_y=&#8220;0&#8243; z_index=&#8220;0&#8243; column_width_pixel=&#8220;1600&#8243;][vc_column column_width_percent=&#8220;100&#8243; position_horizontal=&#8220;right&#8220; gutter_size=&#8220;3&#8243; overlay_alpha=&#8220;50&#8243; shift_x=&#8220;0&#8243; shift_y=&#8220;0&#8243; shift_y_down=&#8220;0&#8243; z_index=&#8220;0&#8243; medium_width=&#8220;3&#8243; mobile_width=&#8220;0&#8243; css_animation=&#8220;left-t-right&#8220; animation_delay=&#8220;200&#8243; width=&#8220;1\/4&#8243;][vc_single_image media=&#8220;86997&#8243; media_width_percent=&#8220;100&#8243; media_ratio=&#8220;two-three&#8220; alignment=&#8220;right&#8220; uncode_shortcode_id=&#8220;389921&#8243;][\/vc_column][vc_column column_width_percent=&#8220;100&#8243; position_horizontal=&#8220;left&#8220; gutter_size=&#8220;3&#8243; overlay_alpha=&#8220;50&#8243; shift_x=&#8220;0&#8243; shift_y=&#8220;0&#8243; shift_y_down=&#8220;0&#8243; z_index=&#8220;0&#8243; medium_width=&#8220;5&#8243; mobile_width=&#8220;0&#8243; css_animation=&#8220;right-t-left&#8220; animation_delay=&#8220;200&#8243; width=&#8220;3\/4&#8243;][vc_custom_heading heading_semantic=&#8220;h3&#8243; text_size=&#8220;h1&#8243; subheading=&#8220;M. Sc. Energietechnik&#8220; uncode_shortcode_id=&#8220;138062&#8243;]Niklas Schnieder[\/vc_custom_heading][vc_custom_heading heading_semantic=&#8220;h5&#8243; text_size=&#8220;h5&#8243; subheading=&#8220;Tel.: +49 6039 92 91 959<br \/>\nE-Mail: niklas.schnieder@gallehr.de&#8220; uncode_shortcode_id=&#8220;151995&#8243; text_color_type=&#8220;uncode-palette&#8220; text_color_solid=&#8220;#ff0000&#8243;]Kontaktdaten[\/vc_custom_heading][vc_separator sep_color=&#8220;color-gyho&#8220;][vc_custom_heading heading_semantic=&#8220;h5&#8243; text_size=&#8220;h5&#8243;]Information[\/vc_custom_heading][vc_row_inner][vc_column_inner width=&#8220;1\/2&#8243;][vc_column_text uncode_shortcode_id=&#8220;201123&#8243;]<span style=\"font-size: 12pt;\">Niklas Schnieder schloss 2021 sein ingenieurwissenschaftliches Studium in Industrial Design Engineering in den Niederlanden und 2024 den Master Energietechnik an der technischen Hochschule Mittelhessen ab. Die Kombination aus technischer Produktentwicklung und der energetischen Betrachtungsweise erm\u00f6glichen es Ihm, Beratungsleistungen zur Dekarbonisierung der Industrie auf der Prozess- und Produktebene nachzukommen.<\/span>[\/vc_column_text][\/vc_column_inner][vc_column_inner column_width_percent=&#8220;100&#8243; gutter_size=&#8220;3&#8243; overlay_alpha=&#8220;50&#8243; shift_x=&#8220;0&#8243; shift_y=&#8220;0&#8243; shift_y_down=&#8220;0&#8243; z_index=&#8220;0&#8243; medium_width=&#8220;0&#8243; mobile_width=&#8220;0&#8243; width=&#8220;1\/2&#8243; uncode_shortcode_id=&#8220;283337&#8243;][vc_column_text uncode_shortcode_id=&#8220;190476&#8243;]<span style=\"font-size: 12pt;\">Seit dem 01. August 2023 ist Niklas Schnieder bei GALLEHR+PARTNER<sup>\u00ae<\/sup> besch\u00e4ftigt und unterst\u00fctzt das Team vor allem strategisch im Bereich der CBAM, und ber\u00e4t dahingehend EU-Importeure und Drittlands-Produzenten. Zudem ber\u00e4t er Unternehmen, die Ihre Industrietransformation \u00fcber Klimaschutzvertr\u00e4ge risikominimieren m\u00f6chten.<\/span><\/p>\n<p><span style=\"font-size: 12pt;\">\u00a0<\/span>[\/vc_column_text][\/vc_column_inner][\/vc_row_inner][\/vc_column][\/vc_row]<\/p>\n<\/div>","protected":false},"excerpt":{"rendered":"<p>[vc_row unlock_row_content=&#8220;yes&#8220; row_height_percent=&#8220;0&#8243; override_padding=&#8220;yes&#8220; h_padding=&#8220;2&#8243; top_padding=&#8220;3&#8243; bottom_padding=&#8220;3&#8243; back_color=&#8220;color-xsdn&#8220; overlay_alpha=&#8220;50&#8243; gutter_size=&#8220;4&#8243; column_width_use_pixel=&#8220;yes&#8220; shift_y=&#8220;0&#8243; z_index=&#8220;0&#8243; column_width_pixel=&#8220;1600&#8243;][vc_column column_width_percent=&#8220;100&#8243; position_horizontal=&#8220;right&#8220; gutter_size=&#8220;3&#8243; overlay_alpha=&#8220;50&#8243; shift_x=&#8220;0&#8243; shift_y=&#8220;0&#8243; [&hellip;]<\/p>\n","protected":false},"author":17,"featured_media":0,"parent":84094,"menu_order":0,"comment_status":"closed","ping_status":"closed","template":"","meta":{"footnotes":""},"class_list":["post-86995","page","type-page","status-publish","hentry"],"_links":{"self":[{"href":"https:\/\/www.gallehr.de\/de\/wp-json\/wp\/v2\/pages\/86995","targetHints":{"allow":["GET"]}}],"collection":[{"href":"https:\/\/www.gallehr.de\/de\/wp-json\/wp\/v2\/pages"}],"about":[{"href":"https:\/\/www.gallehr.de\/de\/wp-json\/wp\/v2\/types\/page"}],"author":[{"embeddable":true,"href":"https:\/\/www.gallehr.de\/de\/wp-json\/wp\/v2\/users\/17"}],"replies":[{"embeddable":true,"href":"https:\/\/www.gallehr.de\/de\/wp-json\/wp\/v2\/comments?post=86995"}],"version-history":[{"count":0,"href":"https:\/\/www.gallehr.de\/de\/wp-json\/wp\/v2\/pages\/86995\/revisions"}],"up":[{"embeddable":true,"href":"https:\/\/www.gallehr.de\/de\/wp-json\/wp\/v2\/pages\/84094"}],"wp:attachment":[{"href":"https:\/\/www.gallehr.de\/de\/wp-json\/wp\/v2\/media?parent=86995"}],"curies":[{"name":"wp","href":"https:\/\/api.w.org\/{rel}","templated":true}]}}