{"id":84105,"date":"2021-03-17T11:06:49","date_gmt":"2021-03-17T10:06:49","guid":{"rendered":"http:\/\/gallehr.deetag.de\/?page_id=84105"},"modified":"2025-12-11T20:13:19","modified_gmt":"2025-12-11T19:13:19","slug":"holger-tabke","status":"publish","type":"page","link":"https:\/\/www.gallehr.de\/de\/team-gallehrpartner\/holger-tabke\/","title":{"rendered":"Holger Tabke"},"content":{"rendered":"<div class=\"wpb-content-wrapper\"><p>[vc_row unlock_row_content=&#8220;yes&#8220; row_height_percent=&#8220;0&#8243; override_padding=&#8220;yes&#8220; h_padding=&#8220;2&#8243; top_padding=&#8220;3&#8243; bottom_padding=&#8220;3&#8243; back_color=&#8220;color-xsdn&#8220; overlay_alpha=&#8220;50&#8243; gutter_size=&#8220;4&#8243; column_width_use_pixel=&#8220;yes&#8220; shift_y=&#8220;0&#8243; z_index=&#8220;0&#8243; column_width_pixel=&#8220;1600&#8243;][vc_column column_width_percent=&#8220;100&#8243; position_horizontal=&#8220;right&#8220; gutter_size=&#8220;3&#8243; overlay_alpha=&#8220;50&#8243; shift_x=&#8220;0&#8243; shift_y=&#8220;0&#8243; shift_y_down=&#8220;0&#8243; z_index=&#8220;0&#8243; medium_width=&#8220;3&#8243; mobile_width=&#8220;0&#8243; css_animation=&#8220;left-t-right&#8220; animation_delay=&#8220;200&#8243; width=&#8220;1\/4&#8243;][vc_single_image media=&#8220;88677&#8243; media_width_percent=&#8220;100&#8243; media_ratio=&#8220;two-three&#8220; alignment=&#8220;right&#8220; uncode_shortcode_id=&#8220;556872&#8243;][\/vc_column][vc_column column_width_percent=&#8220;100&#8243; position_horizontal=&#8220;left&#8220; gutter_size=&#8220;3&#8243; overlay_alpha=&#8220;50&#8243; shift_x=&#8220;0&#8243; shift_y=&#8220;0&#8243; shift_y_down=&#8220;0&#8243; z_index=&#8220;0&#8243; medium_width=&#8220;5&#8243; mobile_width=&#8220;0&#8243; css_animation=&#8220;right-t-left&#8220; animation_delay=&#8220;200&#8243; width=&#8220;3\/4&#8243;][vc_custom_heading heading_semantic=&#8220;h3&#8243; text_size=&#8220;h1&#8243; subheading=&#8220;Dipl.-Ing. (TU Berlin) Energie- (und Verfahrens-)technik &#8211; Schwerpunkt Energiesysteme, MBA (Open, Milton Keynes, UK)&#8220; uncode_shortcode_id=&#8220;797966&#8243;]Holger Tabke[\/vc_custom_heading][vc_custom_heading heading_semantic=&#8220;h5&#8243; text_size=&#8220;h5&#8243; subheading=&#8220;E-Mail: holger.tabke@hjtb.de&#8220; uncode_shortcode_id=&#8220;122364&#8243;]Kontaktdaten[\/vc_custom_heading][vc_separator sep_color=&#8220;color-gyho&#8220;][vc_custom_heading heading_semantic=&#8220;h5&#8243; text_size=&#8220;h5&#8243;]Information[\/vc_custom_heading][vc_row_inner limit_content=&#8220;&#8220;][vc_column_inner width=&#8220;1\/2&#8243;][vc_column_text]Herr Tabke (Jahrgang 1971) verf\u00fcgt \u00fcber langj\u00e4hrige Erfahrung in den Bereichen Energieeinkauf, Eigenerzeugung, PPA, Direktvermarktung, Handel, Origination, energienahen Dienstleistungen, Vertrieb, Verbandsarbeit und Management. Er bekleidete verschiedenste Fach- und F\u00fchrungspositionen bei gro\u00dfen Energieh\u00e4ndlern\/-lieferanten (z.B. unit[e] (seinerzeit Teil von Nuon), Stadtwerke Karlsruhe, BayWa r.e. Clean Energy Sourcing) sowie einem internationalem Energie-Beratungs-\/-Portfoliomanagementdienstleister (Bergen Energi- heute Teil von Kinect Energy) und wurde im Laufe seiner 1999 im Energiebereich gestarteten beruflichen Laufbahn mit diversen Prokura und (Gruppen-)Gesch\u00e4ftsf\u00fchrungspositionen betraut.[\/vc_column_text][\/vc_column_inner][vc_column_inner width=&#8220;1\/2&#8243;][vc_column_text uncode_shortcode_id=&#8220;722422&#8243;]Von April 2020 bis Mai 2022 war er Senior Managing Consultant und Prokurist bei der Gallehr Sustainable Risk Management GmbH, hier insb. mit den Themen der nachhaltigen Energiebeschaffung\/-erzeugung f\u00fcr renommierte Gro\u00df- und Gr\u00f6\u00dftunternehmen befasst.<\/p>\n<p>Holger Tabke unterst\u00fctzt uns seit Mai 2022 als Netzwerkpartner zu allen Fragen zu Energiebeschaffung f\u00fcr Gro\u00df- und Gr\u00f6\u00dftunternehmen.[\/vc_column_text][\/vc_column_inner][\/vc_row_inner][\/vc_column][\/vc_row]<\/p>\n<\/div>","protected":false},"excerpt":{"rendered":"<p>[vc_row unlock_row_content=&#8220;yes&#8220; row_height_percent=&#8220;0&#8243; override_padding=&#8220;yes&#8220; h_padding=&#8220;2&#8243; top_padding=&#8220;3&#8243; bottom_padding=&#8220;3&#8243; back_color=&#8220;color-xsdn&#8220; overlay_alpha=&#8220;50&#8243; gutter_size=&#8220;4&#8243; column_width_use_pixel=&#8220;yes&#8220; shift_y=&#8220;0&#8243; z_index=&#8220;0&#8243; column_width_pixel=&#8220;1600&#8243;][vc_column column_width_percent=&#8220;100&#8243; position_horizontal=&#8220;right&#8220; gutter_size=&#8220;3&#8243; overlay_alpha=&#8220;50&#8243; shift_x=&#8220;0&#8243; shift_y=&#8220;0&#8243; [&hellip;]<\/p>\n","protected":false},"author":6,"featured_media":0,"parent":84094,"menu_order":0,"comment_status":"closed","ping_status":"closed","template":"","meta":{"footnotes":""},"class_list":["post-84105","page","type-page","status-publish","hentry"],"_links":{"self":[{"href":"https:\/\/www.gallehr.de\/de\/wp-json\/wp\/v2\/pages\/84105","targetHints":{"allow":["GET"]}}],"collection":[{"href":"https:\/\/www.gallehr.de\/de\/wp-json\/wp\/v2\/pages"}],"about":[{"href":"https:\/\/www.gallehr.de\/de\/wp-json\/wp\/v2\/types\/page"}],"author":[{"embeddable":true,"href":"https:\/\/www.gallehr.de\/de\/wp-json\/wp\/v2\/users\/6"}],"replies":[{"embeddable":true,"href":"https:\/\/www.gallehr.de\/de\/wp-json\/wp\/v2\/comments?post=84105"}],"version-history":[{"count":0,"href":"https:\/\/www.gallehr.de\/de\/wp-json\/wp\/v2\/pages\/84105\/revisions"}],"up":[{"embeddable":true,"href":"https:\/\/www.gallehr.de\/de\/wp-json\/wp\/v2\/pages\/84094"}],"wp:attachment":[{"href":"https:\/\/www.gallehr.de\/de\/wp-json\/wp\/v2\/media?parent=84105"}],"curies":[{"name":"wp","href":"https:\/\/api.w.org\/{rel}","templated":true}]}}