{"id":84099,"date":"2021-03-17T10:39:41","date_gmt":"2021-03-17T09:39:41","guid":{"rendered":"http:\/\/gallehr.deetag.de\/?page_id=84099"},"modified":"2025-08-04T15:14:43","modified_gmt":"2025-08-04T13:14:43","slug":"kooperationen","status":"publish","type":"page","link":"https:\/\/www.gallehr.de\/de\/kooperationen\/","title":{"rendered":"Kooperationen"},"content":{"rendered":"<div class=\"wpb-content-wrapper\"><p>[vc_row unlock_row_content=&#8220;yes&#8220; row_height_percent=&#8220;0&#8243; override_padding=&#8220;yes&#8220; h_padding=&#8220;2&#8243; top_padding=&#8220;3&#8243; bottom_padding=&#8220;3&#8243; back_color=&#8220;color-xsdn&#8220; overlay_alpha=&#8220;50&#8243; gutter_size=&#8220;4&#8243; column_width_use_pixel=&#8220;yes&#8220; shift_y=&#8220;0&#8243; z_index=&#8220;0&#8243; column_width_pixel=&#8220;1600&#8243;][vc_column column_width_percent=&#8220;100&#8243; gutter_size=&#8220;3&#8243; overlay_alpha=&#8220;50&#8243; shift_x=&#8220;0&#8243; shift_y=&#8220;0&#8243; shift_y_down=&#8220;0&#8243; z_index=&#8220;0&#8243; medium_width=&#8220;0&#8243; mobile_width=&#8220;0&#8243; css_animation=&#8220;left-t-right&#8220; animation_delay=&#8220;200&#8243; width=&#8220;1\/2&#8243;][vc_custom_heading heading_semantic=&#8220;h3&#8243; text_size=&#8220;h1&#8243;]Kooperationen[\/vc_custom_heading][vc_column_text]Neben dem eigenen Expertennetzwerk steht GALLEHR+PARTNER<sup>\u00ae<\/sup> in einem engen Dialog mit unabh\u00e4ngigen Partnern, die entsprechende wirtschaftliche-, rechts- bzw. technische Sachverst\u00e4ndigenexpertise zur Verf\u00fcgung stellen.[\/vc_column_text][\/vc_column][vc_column column_width_percent=&#8220;100&#8243; position_vertical=&#8220;middle&#8220; gutter_size=&#8220;3&#8243; overlay_alpha=&#8220;50&#8243; shift_x=&#8220;0&#8243; shift_y=&#8220;0&#8243; shift_y_down=&#8220;0&#8243; z_index=&#8220;0&#8243; medium_width=&#8220;0&#8243; mobile_width=&#8220;0&#8243; width=&#8220;1\/2&#8243;][vc_gallery el_id=&#8220;gallery-85458&#8243; isotope_mode=&#8220;fitRows&#8220; medias=&#8220;84068,84069,84072,85914,84572,86004,84071,84065,85986,85771,84070,84075,84064,87606&#8243; gutter_size=&#8220;3&#8243; media_items=&#8220;media|custom_link|original&#8220; screen_lg=&#8220;1000&#8243; screen_md=&#8220;600&#8243; screen_sm=&#8220;300&#8243; single_width=&#8220;2&#8243; single_overlay_opacity=&#8220;50&#8243; single_overlay_anim=&#8220;no&#8220; single_text_anim=&#8220;no&#8220; single_image_coloration=&#8220;desaturated&#8220; single_image_color_anim=&#8220;yes&#8220; single_image_anim=&#8220;no&#8220; single_padding=&#8220;2&#8243; single_border=&#8220;yes&#8220; single_css_animation=&#8220;zoom-in&#8220; single_animation_speed=&#8220;200&#8243; title=&#8220;Kooperationen&#8220; items=&#8220;eyIyNl9pIjp7InNpbmdsZV9saW5rIjoiIn0sIjg0MDY4X2kiOnsic2luZ2xlX2xpbmsiOiJ1cmw6aHR0cHMlM0ElMkYlMkZyaXR0ZXItZ2VudC5kZSUyRnx0YXJnZXQ6X2JsYW5rfHJlbDpub2ZvbGxvdyJ9LCI4NDA2OV9pIjp7InNpbmdsZV9saW5rIjoidXJsOmh0dHBzJTNBJTJGJTJGd3d3LmF0bW9zZmFpci5kZSUyRmRlJTJGfHRhcmdldDpfYmxhbmt8cmVsOm5vZm9sbG93In0sIjg0MDcyX2kiOnsic2luZ2xlX2xpbmsiOiJ1cmw6aHR0cHMlM0ElMkYlMkZ3d3cuZ3V0LWNlcnQuZGUlMkZsZWlzdHVuZ2VuJTJGdHJlaWJoYXVzZ2FzYmlsYW56ZW58dGFyZ2V0Ol9ibGFua3xyZWw6bm9mb2xsb3cifSwiODQwNjZfaSI6eyJzaW5nbGVfbGluayI6InVybDpodHRwcyUzQSUyRiUyRnd3dy5ray1yYWUuZGUlMkZkci1tYXJrdXMtZWhybWFubnx0YXJnZXQ6X2JsYW5rfHJlbDpub2ZvbGxvdyJ9LCI4NDA3MV9pIjp7InNpbmdsZV9saW5rIjoidXJsOmh0dHBzJTNBJTJGJTJGd3d3LmRlc2VydGVjLm9yZyUyRnx0YXJnZXQ6X2JsYW5rfHJlbDpub2ZvbGxvdyJ9LCI4NDA2NF9pIjp7InNpbmdsZV9saW5rIjoidXJsOmh0dHBzJTNBJTJGJTJGaWJnLWdvdHRoYXJkdC5kZSUyRnx0YXJnZXQ6X2JsYW5rfHJlbDpub2ZvbGxvdyJ9LCI4NDA2NV9pIjp7InNpbmdsZV9saW5rIjoidXJsOmh0dHBzJTNBJTJGJTJGa20tbmV0d29ya3MubmV0JTJGfHRhcmdldDpfYmxhbmt8cmVsOm5vZm9sbG93In0sIjg0MDY3X2kiOnsic2luZ2xlX2xpbmsiOiJ1cmw6aHR0cHMlM0ElMkYlMkZob21lLmtwbWclMkZkZSUyRmRlJTJGaG9tZS5odG1sfHRhcmdldDpfYmxhbmt8cmVsOm5vZm9sbG93In0sIjg0MDc0X2kiOnsic2luZ2xlX2xpbmsiOiJ1cmw6aHR0cHMlM0ElMkYlMkZ3d3cuaWJtLmNvbSUyRmRlLWRlfHRhcmdldDpfYmxhbmt8cmVsOm5vZm9sbG93In0sIjg0MDcwX2kiOnsic2luZ2xlX2xpbmsiOiJ1cmw6aHR0cHMlM0ElMkYlMkZ3d3cuYml0a29tLm9yZyUyRnx0YXJnZXQ6X2JsYW5rfHJlbDpub2ZvbGxvdyJ9LCI4NDA3NV9pIjp7InNpbmdsZV9saW5rIjoidXJsOmh0dHBzJTNBJTJGJTJGd3d3LmhvZmZtYW5ubGllYnMuZGUlMkZ8dGFyZ2V0Ol9ibGFua3xyZWw6bm9mb2xsb3cifSwiODU3NTZfaSI6eyJzaW5nbGVfbGluayI6InVybDpodHRwcyUzQSUyRiUyRnVuaXRlZHN1c3RhaW5hYmlsaXR5LmNvbSUyRnx0YXJnZXQ6X2JsYW5rIn0sIjg1NzU5X2kiOnsic2luZ2xlX2xpbmsiOiJ1cmw6aHR0cHMlM0ElMkYlMkZ1bml0ZWRzdXN0YWluYWJpbGl0eS5jb20lMkZ8dGFyZ2V0Ol9ibGFuayJ9LCI4NTc2NV9pIjp7InNpbmdsZV9saW5rIjoidXJsOmh0dHBzJTNBJTJGJTJGdW5pdGVkc3VzdGFpbmFiaWxpdHkuY29tJTJGfHRhcmdldDpfYmxhbmsifSwiODU3NjdfaSI6eyJzaW5nbGVfbGluayI6InVybDpodHRwcyUzQSUyRiUyRnVuaXRlZHN1c3RhaW5hYmlsaXR5LmNvbSUyRnx0YXJnZXQ6X2JsYW5rIn0sIjg1NzcxX2kiOnsic2luZ2xlX2xpbmsiOiJ1cmw6aHR0cHMlM0ElMkYlMkZ1bml0ZWRzdXN0YWluYWJpbGl0eS5jb20lMkZ8dGFyZ2V0Ol9ibGFuayJ9LCI4NjAwNF9pIjp7InNpbmdsZV9saW5rIjoidXJsOmh0dHBzJTNBJTJGJTJGZ2xvYmFsY2xpbWF0ZWZvcnVtLm9yZyUyRnx0YXJnZXQ6X2JsYW5rIn0sIjg1OTg2X2kiOnsic2luZ2xlX2xpbmsiOiJ1cmw6aHR0cHMlM0ElMkYlMkZ3d3cuZTUub3JnJTJGfHRhcmdldDpfYmxhbmsifSwiODQ1NzJfaSI6eyJzaW5nbGVfbGluayI6InVybDpodHRwcyUzQSUyRiUyRnd3dy5lbmVyZ2lla29zdGVuMzYwLmRlJTJGfHRhcmdldDpfYmxhbmsifSwiODU5MTRfaSI6eyJzaW5nbGVfbGluayI6InVybDpodHRwcyUzQSUyRiUyRmRlbmVmZi5vcmclMkZ8dGFyZ2V0Ol9ibGFuayJ9fQ==&#8220; uncode_shortcode_id=&#8220;307943&#8243;][\/vc_column][\/vc_row]<\/p>\n<\/div>","protected":false},"excerpt":{"rendered":"<p>[vc_row unlock_row_content=&#8220;yes&#8220; row_height_percent=&#8220;0&#8243; override_padding=&#8220;yes&#8220; h_padding=&#8220;2&#8243; top_padding=&#8220;3&#8243; bottom_padding=&#8220;3&#8243; back_color=&#8220;color-xsdn&#8220; overlay_alpha=&#8220;50&#8243; gutter_size=&#8220;4&#8243; column_width_use_pixel=&#8220;yes&#8220; shift_y=&#8220;0&#8243; z_index=&#8220;0&#8243; column_width_pixel=&#8220;1600&#8243;][vc_column column_width_percent=&#8220;100&#8243; gutter_size=&#8220;3&#8243; overlay_alpha=&#8220;50&#8243; shift_x=&#8220;0&#8243; shift_y=&#8220;0&#8243; shift_y_down=&#8220;0&#8243; [&hellip;]<\/p>\n","protected":false},"author":6,"featured_media":0,"parent":0,"menu_order":0,"comment_status":"closed","ping_status":"closed","template":"","meta":{"footnotes":""},"class_list":["post-84099","page","type-page","status-publish","hentry"],"_links":{"self":[{"href":"https:\/\/www.gallehr.de\/de\/wp-json\/wp\/v2\/pages\/84099","targetHints":{"allow":["GET"]}}],"collection":[{"href":"https:\/\/www.gallehr.de\/de\/wp-json\/wp\/v2\/pages"}],"about":[{"href":"https:\/\/www.gallehr.de\/de\/wp-json\/wp\/v2\/types\/page"}],"author":[{"embeddable":true,"href":"https:\/\/www.gallehr.de\/de\/wp-json\/wp\/v2\/users\/6"}],"replies":[{"embeddable":true,"href":"https:\/\/www.gallehr.de\/de\/wp-json\/wp\/v2\/comments?post=84099"}],"version-history":[{"count":0,"href":"https:\/\/www.gallehr.de\/de\/wp-json\/wp\/v2\/pages\/84099\/revisions"}],"wp:attachment":[{"href":"https:\/\/www.gallehr.de\/de\/wp-json\/wp\/v2\/media?parent=84099"}],"curies":[{"name":"wp","href":"https:\/\/api.w.org\/{rel}","templated":true}]}}